{"id":976,"date":"2018-01-09T14:34:08","date_gmt":"2018-01-09T14:34:08","guid":{"rendered":"https:\/\/horizonsud.ch\/?page_id=976"},"modified":"2019-08-05T20:07:17","modified_gmt":"2019-08-05T20:07:17","slug":"nos-metiers","status":"publish","type":"page","link":"https:\/\/horizonsud.ch\/?page_id=976","title":{"rendered":"Nos m\u00e9tiers"},"content":{"rendered":"<h1>M\u00e9tiers repr\u00e9sent\u00e9s<\/h1>\n\n<table id=\"tablepress-4\" class=\"tablepress tablepress-id-4\">\n<thead>\n<tr class=\"row-1 odd\">\n\t<th class=\"column-1\">&nbsp;<\/th><th class=\"column-2\">Personnel qualifi\u00e9<\/th><th class=\"column-3\">Possibilit\u00e9 de formation<\/th><th class=\"column-4\">Auxiliaire<\/th>\n<\/tr>\n<\/thead>\n<tbody class=\"row-hover\">\n<tr class=\"row-2 even\">\n\t<td class=\"column-1\">Secteur Socioprofessionnel<\/td><td class=\"column-2\">Ma\u00eetre-sse socioprofessionnel-le <\/td><td class=\"column-3\">Oui<\/td><td class=\"column-4\">Ma\u00eetre-sse socioprofessionnel-le auxiliaire<\/td>\n<\/tr>\n<tr class=\"row-3 odd\">\n\t<td class=\"column-1\">Secteur Socio-\u00e9ducatif<\/td><td class=\"column-2\">Educateur-trice social-e<\/td><td class=\"column-3\">Oui<\/td><td class=\"column-4\">Educateur\u2013trice auxiliaire<\/td>\n<\/tr>\n<tr class=\"row-4 even\">\n\t<td class=\"column-1\"><\/td><td class=\"column-2\">Assistant-e socio-\u00e9ducatif-ve (ASE)<\/td><td class=\"column-3\">Oui<\/td><td class=\"column-4\"><\/td>\n<\/tr>\n<tr class=\"row-5 odd\">\n\t<td class=\"column-1\">Secteur Socio-logistique<\/td><td class=\"column-2\">Cuisinier-\u00e8re<\/td><td class=\"column-3\">Oui<\/td><td class=\"column-4\">Aide de cuisine<br \/>\nSommelier-\u00e8re<\/td>\n<\/tr>\n<tr class=\"row-6 even\">\n\t<td class=\"column-1\"><\/td><td class=\"column-2\">Gestionnaire en intendance<\/td><td class=\"column-3\">Oui<\/td><td class=\"column-4\">Personnel de nettoyage et de blanchisserie<\/td>\n<\/tr>\n<tr class=\"row-7 odd\">\n\t<td class=\"column-1\"><\/td><td class=\"column-2\">Collaborateur-trice technique<\/td><td class=\"column-3\">Non<\/td><td class=\"column-4\">Aide concierge<\/td>\n<\/tr>\n<tr class=\"row-8 even\">\n\t<td class=\"column-1\">Secteur Socio-administratif<\/td><td class=\"column-2\">Comptable<\/td><td class=\"column-3\">Non<\/td><td class=\"column-4\"><\/td>\n<\/tr>\n<tr class=\"row-9 odd\">\n\t<td class=\"column-1\"><\/td><td class=\"column-2\">Employ\u00e9-e de commerce<\/td><td class=\"column-3\">Oui<\/td><td class=\"column-4\"><\/td>\n<\/tr>\n<tr class=\"row-10 even\">\n\t<td class=\"column-1\"><\/td><td class=\"column-2\">Secr\u00e9taire<\/td><td class=\"column-3\">Non<\/td><td class=\"column-4\"><\/td>\n<\/tr>\n<\/tbody>\n<\/table>\n<!-- #tablepress-4 from cache -->\n<p>Les prestations m\u00e9dicales, param\u00e9dicales et th\u00e9rapeutiques sont d\u00e9livr\u00e9es par des professionnels externes.<\/p>\n","protected":false},"excerpt":{"rendered":"<p>M\u00e9tiers repr\u00e9sent\u00e9s Les prestations m\u00e9dicales, param\u00e9dicales et th\u00e9rapeutiques sont d\u00e9livr\u00e9es par des professionnels externes.<\/p>\n","protected":false},"author":1,"featured_media":0,"parent":0,"menu_order":0,"comment_status":"closed","ping_status":"closed","template":"","meta":{"_mi_skip_tracking":false,"footnotes":""},"class_list":["post-976","page","type-page","status-publish","hentry"],"acf":[],"_links":{"self":[{"href":"https:\/\/horizonsud.ch\/index.php?rest_route=\/wp\/v2\/pages\/976","targetHints":{"allow":["GET"]}}],"collection":[{"href":"https:\/\/horizonsud.ch\/index.php?rest_route=\/wp\/v2\/pages"}],"about":[{"href":"https:\/\/horizonsud.ch\/index.php?rest_route=\/wp\/v2\/types\/page"}],"author":[{"embeddable":true,"href":"https:\/\/horizonsud.ch\/index.php?rest_route=\/wp\/v2\/users\/1"}],"replies":[{"embeddable":true,"href":"https:\/\/horizonsud.ch\/index.php?rest_route=%2Fwp%2Fv2%2Fcomments&post=976"}],"version-history":[{"count":6,"href":"https:\/\/horizonsud.ch\/index.php?rest_route=\/wp\/v2\/pages\/976\/revisions"}],"predecessor-version":[{"id":1221,"href":"https:\/\/horizonsud.ch\/index.php?rest_route=\/wp\/v2\/pages\/976\/revisions\/1221"}],"wp:attachment":[{"href":"https:\/\/horizonsud.ch\/index.php?rest_route=%2Fwp%2Fv2%2Fmedia&parent=976"}],"curies":[{"name":"wp","href":"https:\/\/api.w.org\/{rel}","templated":true}]}}