{"id":523,"date":"2015-06-01T13:03:30","date_gmt":"2015-06-01T13:03:30","guid":{"rendered":"https:\/\/horizonsud.ch\/hs\/?page_id=523"},"modified":"2019-11-06T10:59:26","modified_gmt":"2019-11-06T10:59:26","slug":"en-raccourci","status":"publish","type":"page","link":"https:\/\/horizonsud.ch\/?page_id=523","title":{"rendered":"En quelques mots"},"content":{"rendered":"<h1>En quelques mots<\/h1>\n<article class=\"section\"><a class=\"button-toggle none\"><strong>HorizonSud<\/strong> est une institution sp\u00e9cialis\u00e9e dans le domaine du handicap psychique. <\/a><\/p>\n<div><\/div>\n<\/article>\n<article class=\"section\">\nSimplement dit, <strong>le handicap psychique c\u2019est un trouble de la relation<\/strong>.<\/p>\n<p>Un fonctionnement personnel et social inadapt\u00e9. Deux causes : une incapacit\u00e9 \u00e0 capter la nature d&rsquo;une situation inter-relationnelle, \u00e0 la traiter, \u00e0 y donner une r\u00e9ponse adapt\u00e9e ; des troubles tels que des id\u00e9es d\u00e9lirantes, des hallucinations, une d\u00e9sorganisation de la pens\u00e9e et du comportement.<\/p>\n<div><\/div>\n<\/article>\n<article class=\"section\">Au sein d&rsquo;<strong>HorizonSud<\/strong> on cherche \u00e0 r\u00e9tablir la relation.<\/article>\n<article class=\"section\">Pour ce faire nos collaborateurs et nos collaboratrices accompagnent la personne atteinte dans sa sant\u00e9 psychique en l\u2019aidant \u00e0 adopter un comportement appropri\u00e9 en toute circonstance.<\/article>\n<article class=\"section\">Ils et elles lui apportent une aide suppl\u00e9mentaire pragmatique et efficiente qui favorise son int\u00e9gration et son adaptation dans l\u2019environnement de son choix ; ainsi que l\u2019\u00e9tablissement de relations interpersonnelles individuelles ou au sein de groupes.<\/article>\n<article class=\"section\"><strong>HorizonSud<\/strong> offre ainsi la pr\u00e9sence de professionnels, un accompagnement sur mesure, un logement, un poste de travail.<\/article>\n<div class=\"content-toggle-in\"><\/div>\n<article class=\"section\"><a class=\"button-toggle none\"><strong>HorizonSud c&rsquo;est l&rsquo;espoir d&rsquo;une vie riche et pleine<\/strong><\/a><\/p>\n<div class=\"content-toggle-in\"><\/div>\n<\/article>\n","protected":false},"excerpt":{"rendered":"<p>En quelques mots HorizonSud est une institution sp\u00e9cialis\u00e9e dans le domaine du handicap psychique. Simplement dit, le handicap psychique c\u2019est un trouble de la relation. Un fonctionnement personnel et social inadapt\u00e9. Deux causes : une incapacit\u00e9 \u00e0 capter la nature d&rsquo;une situation inter-relationnelle, \u00e0 la traiter, \u00e0 y donner une r\u00e9ponse adapt\u00e9e ; des troubles [&hellip;]<\/p>\n","protected":false},"author":1,"featured_media":0,"parent":0,"menu_order":0,"comment_status":"closed","ping_status":"open","template":"","meta":{"_mi_skip_tracking":false,"footnotes":""},"class_list":["post-523","page","type-page","status-publish","hentry"],"acf":[],"_links":{"self":[{"href":"https:\/\/horizonsud.ch\/index.php?rest_route=\/wp\/v2\/pages\/523","targetHints":{"allow":["GET"]}}],"collection":[{"href":"https:\/\/horizonsud.ch\/index.php?rest_route=\/wp\/v2\/pages"}],"about":[{"href":"https:\/\/horizonsud.ch\/index.php?rest_route=\/wp\/v2\/types\/page"}],"author":[{"embeddable":true,"href":"https:\/\/horizonsud.ch\/index.php?rest_route=\/wp\/v2\/users\/1"}],"replies":[{"embeddable":true,"href":"https:\/\/horizonsud.ch\/index.php?rest_route=%2Fwp%2Fv2%2Fcomments&post=523"}],"version-history":[{"count":63,"href":"https:\/\/horizonsud.ch\/index.php?rest_route=\/wp\/v2\/pages\/523\/revisions"}],"predecessor-version":[{"id":1393,"href":"https:\/\/horizonsud.ch\/index.php?rest_route=\/wp\/v2\/pages\/523\/revisions\/1393"}],"wp:attachment":[{"href":"https:\/\/horizonsud.ch\/index.php?rest_route=%2Fwp%2Fv2%2Fmedia&parent=523"}],"curies":[{"name":"wp","href":"https:\/\/api.w.org\/{rel}","templated":true}]}}