{"id":232,"date":"2015-01-05T13:09:09","date_gmt":"2015-01-05T13:09:09","guid":{"rendered":"https:\/\/horizonsud.ch\/hs\/?page_id=232"},"modified":"2020-02-17T06:47:47","modified_gmt":"2020-02-17T06:47:47","slug":"accueil","status":"publish","type":"page","link":"https:\/\/horizonsud.ch\/","title":{"rendered":"Accueil"},"content":{"rendered":"<p><!--\n\n\n<h1 style=\"text-align: center;\">Notre finalit\u00e9 est de permettre \u00e0 la personne atteinte de sa sant\u00e9 psychique de vivre une vie riche et pleine avec l\u2019intervention aussi r\u00e9duite que possible de la part des professionnels.<\/h1>\n\n\n--><\/p>\n","protected":false},"excerpt":{"rendered":"","protected":false},"author":1,"featured_media":0,"parent":0,"menu_order":0,"comment_status":"closed","ping_status":"open","template":"page_home.php","meta":{"_mi_skip_tracking":false,"footnotes":""},"class_list":["post-232","page","type-page","status-publish","hentry"],"acf":[],"_links":{"self":[{"href":"https:\/\/horizonsud.ch\/index.php?rest_route=\/wp\/v2\/pages\/232","targetHints":{"allow":["GET"]}}],"collection":[{"href":"https:\/\/horizonsud.ch\/index.php?rest_route=\/wp\/v2\/pages"}],"about":[{"href":"https:\/\/horizonsud.ch\/index.php?rest_route=\/wp\/v2\/types\/page"}],"author":[{"embeddable":true,"href":"https:\/\/horizonsud.ch\/index.php?rest_route=\/wp\/v2\/users\/1"}],"replies":[{"embeddable":true,"href":"https:\/\/horizonsud.ch\/index.php?rest_route=%2Fwp%2Fv2%2Fcomments&post=232"}],"version-history":[{"count":29,"href":"https:\/\/horizonsud.ch\/index.php?rest_route=\/wp\/v2\/pages\/232\/revisions"}],"predecessor-version":[{"id":1440,"href":"https:\/\/horizonsud.ch\/index.php?rest_route=\/wp\/v2\/pages\/232\/revisions\/1440"}],"wp:attachment":[{"href":"https:\/\/horizonsud.ch\/index.php?rest_route=%2Fwp%2Fv2%2Fmedia&parent=232"}],"curies":[{"name":"wp","href":"https:\/\/api.w.org\/{rel}","templated":true}]}}