{"id":211,"date":"2015-01-05T09:42:51","date_gmt":"2015-01-05T09:42:51","guid":{"rendered":"https:\/\/horizonsud.ch\/hs\/?page_id=211"},"modified":"2019-11-08T10:40:32","modified_gmt":"2019-11-08T10:40:32","slug":"referentiel-organisation-2","status":"publish","type":"page","link":"https:\/\/horizonsud.ch\/?page_id=211","title":{"rendered":"R\u00e9f\u00e9rentiel de l\u2019Organisation"},"content":{"rendered":"<h1>R\u00e9f\u00e9rentiel de l\u2019Organisation<\/h1>\n<p style=\"color: #c20e1a;\">Cliquez sur le th\u00e8me qui vous int\u00e9resse :<\/p>\n<article class=\"section\"><a class=\"button-toggle\">L\u2019adhocratie en tant que mod\u00e8le organisationnel th\u00e9orique<\/a><\/p>\n<div class=\"content-toggle-in\">\n<p>Afin de pouvoir regrouper divers sp\u00e9cialistes dans des projets fonctionnant sans heurts dans un domaine complexe et dynamique, une configuration structurelle a d\u00fb \u00eatre invent\u00e9e par Henry Mintzberg : l\u2019adhocratie.<br \/>\n<a href=\"https:\/\/horizonsud.ch\/wp-content\/uploads\/2015\/03\/illustration9.jpg\" data-rel=\"lightbox-image-0\" data-rl_title=\"\" data-rl_caption=\"\" title=\"\"><img loading=\"lazy\" decoding=\"async\" class=\"alignleft size-medium wp-image-334\" src=\"https:\/\/horizonsud.ch\/wp-content\/uploads\/2015\/03\/illustration9-300x233.jpg\" alt=\"illustration9\" width=\"300\" height=\"233\" srcset=\"https:\/\/horizonsud.ch\/wp-content\/uploads\/2015\/03\/illustration9-300x233.jpg 300w, https:\/\/horizonsud.ch\/wp-content\/uploads\/2015\/03\/illustration9.jpg 943w\" sizes=\"auto, (max-width: 300px) 100vw, 300px\" \/><\/a><br \/>\nHenry Mintzberg est n\u00e9 le 2 sepembre 1939 \u00e0 Montr\u00e9al. Il est un universitaire canadien en sciences de gestion, auteur internationalement reconnu d\u2019ouvrages de management. Notamment \u00ab Structure et dynamique de l\u2019organisation \u00bb, Editions d\u2019Organisation, 1982, ouvrage ayant inspir\u00e9 le choix du mod\u00e8le retenu pour HorizonSud.<\/p>\n<p>Adhocratie est un n\u00e9ologisme (venant du terme \u00ab ad hoc \u00bb) utilis\u00e9 pour d\u00e9signer une configuration organisationnelle qui mobilise, dans un contexte d\u2019environnements instables, incertains et complexes, des comp\u00e9tences pluridisciplinaires, sp\u00e9cialis\u00e9es et transversales, pour mener \u00e0 bien des missions pr\u00e9cises.<\/p>\n<p><a href=\"https:\/\/horizonsud.ch\/wp-content\/uploads\/2015\/03\/illustration8.jpg\" data-rel=\"lightbox-image-1\" data-rl_title=\"\" data-rl_caption=\"\" title=\"\"><img loading=\"lazy\" decoding=\"async\" class=\"alignright size-medium wp-image-333\" src=\"https:\/\/horizonsud.ch\/wp-content\/uploads\/2015\/03\/illustration8-196x300.jpg\" alt=\"illustration8\" width=\"196\" height=\"300\" srcset=\"https:\/\/horizonsud.ch\/wp-content\/uploads\/2015\/03\/illustration8-196x300.jpg 196w, https:\/\/horizonsud.ch\/wp-content\/uploads\/2015\/03\/illustration8-670x1024.jpg 670w, https:\/\/horizonsud.ch\/wp-content\/uploads\/2015\/03\/illustration8.jpg 818w\" sizes=\"auto, (max-width: 196px) 100vw, 196px\" \/><\/a><\/p>\n<p>Paradoxalement, l\u2019adhocratie puise son \u00e9nergie dans les conflits, dans le flou, dans le vide laiss\u00e9 entre les fonctions obligeant les acteurs \u00e0 interagir pour \u00e9changer, communiquer, coexister, coop\u00e9rer et coordonner au profit du projet.<\/p>\n<p>Dans la pratique au quotidien de ce mod\u00e8le organisationnel, \u00ab l\u2019essentiel se joue dans les liens entre les parties \u00bb.<br \/>\nCe \u00ab lien \u00bb est entre autres constitu\u00e9 par le \u00ab Projet Individuel Document\u00e9 \u00bb au profit duquel l\u2019action collective sera orient\u00e9e et construite.<\/p>\n<p>Dans cette structure organisationnelle la plupart des responsables n\u2019ont pas un r\u00f4le d\u2019encadrement au sens usuel du terme. Ils consacrent en effet une bonne partie de leur temps \u00e0 des activit\u00e9s de liaison et de n\u00e9gociation. L\u2019objectif est de r\u00e9aliser la coordination lat\u00e9rale entre les diff\u00e9rentes \u00e9quipes et entre ces \u00e9quipes et les unit\u00e9s fonctionnelles. L\u2019ajustement mutuel est le m\u00e9canisme de coordination cl\u00e9, \u00e0 l\u2019int\u00e9rieur et entre les \u00e9quipes ; il vise le consensus qui \u00e9merge d\u2019un dialogue institutionnalis\u00e9 auquel les acteurs impliqu\u00e9s participent.<\/p>\n<p>Par \u00ab consensus \u00bb il faut entendre un accord positif auquel une forte majorit\u00e9, id\u00e9alement l\u2019unanimit\u00e9, a pu parvenir.<\/p>\n<p>Le consensus sugg\u00e8re l\u2019apport de multiples opinions diff\u00e9rentes, et leur adaptation progressive jusqu\u2019\u00e0 ce qu\u2019une solution satisfaisant le plus grand nombre de personnes puisse \u00eatre d\u00e9gag\u00e9e. Le consensus ne signifie pas forc\u00e9ment que tout le monde est satisfait du r\u00e9sultat, mais sugg\u00e8re plut\u00f4t que tout le monde peut juger le r\u00e9sultat acceptable et que la majorit\u00e9 est satisfaite.<\/p>\n<p>Chacun est suppos\u00e9 avoir int\u00e9gr\u00e9 l\u2019int\u00e9r\u00eat collectif et parler en son nom. Les d\u00e9cisions sont prises par des individus inform\u00e9s des objectifs strat\u00e9giques. Ils sont investis d\u2019une part de responsabilit\u00e9 pour atteindre ces derniers. Les d\u00e9cisions encadr\u00e9es par des principes d\u2019action remplacent les r\u00e8gles et proc\u00e9dures trop rigides.<\/p>\n<p>L\u2019enjeu organisationnel est alors de r\u00e9ussir \u00e0 mobiliser cette part subjective de l\u2019individu, d\u2019obtenir son implication dans l\u2019atteinte des divers objectifs. L\u2019implication devient ainsi un principe d\u2019organisation.<\/p><\/div>\n<\/article>\n<article class=\"section\"><a class=\"button-toggle\">\u00c9lasticit\u00e9 en tant que principe de management<\/a><\/p>\n<div class=\"content-toggle-in\">\n<p>On entend par \u00e9lasticit\u00e9 la capacit\u00e9 \u00e0 \u00e9tendre son comportement, sa r\u00e9flexion ou son rapport aux normes pour r\u00e9pondre de fa\u00e7on adapt\u00e9e \u00e0 une situation ou \u00e0 autrui.<\/p>\n<p>Appliqu\u00e9e aux 15 comportements d\u00e9coulant de nos 5 Valeurs, l\u2019\u00e9lasticit\u00e9 permet de trouver le juste milieu entre l\u2019exc\u00e8s et le manque, le meilleur r\u00e9sultat esp\u00e9r\u00e9, ici et maintenant. L\u2019\u00e9lasticit\u00e9 est au centre du m\u00e9canisme de coordination cl\u00e9 qu\u2019est l\u2019ajustement mutuel.<\/p>\n<p><a href=\"https:\/\/horizonsud.ch\/wp-content\/uploads\/2019\/06\/eslasticite-1.png\" data-rel=\"lightbox-image-2\" data-rl_title=\"\" data-rl_caption=\"\" title=\"\"><img loading=\"lazy\" decoding=\"async\" class=\"size-full wp-image-1182\" src=\"https:\/\/horizonsud.ch\/wp-content\/uploads\/2019\/06\/eslasticite-1.png\" alt=\"\" width=\"521\" height=\"140\" srcset=\"https:\/\/horizonsud.ch\/wp-content\/uploads\/2019\/06\/eslasticite-1.png 521w, https:\/\/horizonsud.ch\/wp-content\/uploads\/2019\/06\/eslasticite-1-300x81.png 300w\" sizes=\"auto, (max-width: 521px) 100vw, 521px\" \/><\/a><\/p>\n<p>Il n\u2019y a pas de recettes toutes pr\u00eates pour faire preuve d\u2019\u00e9lasticit\u00e9.<\/p>\n<p>Une pratique \u00e9lastique demande et exerce une certaine autonomie de jugement et d\u2019action qui constitue une part importante de l\u2019expertise-m\u00e9tier, du respect des r\u00e8gles de l\u2019art.<\/p>\n<p>Heinrich Neuhaus, pianiste russe, a dit que pour bien jouer du piano, il faut une t\u00eate froide et un c\u0153ur chaud. Dans les autres m\u00e9tiers aussi, avoir la t\u00eate froide et le c\u0153ur chaud permet d\u2019interpr\u00e9ter sa partition de fa\u00e7on \u00e9lastique.<\/p>\n<h2>\u00c9lasticit\u00e9 appliqu\u00e9e aux 15 comportements d\u00e9coulant des 5 Valeurs.<\/h2>\n<p><a href=\"https:\/\/horizonsud.ch\/wp-content\/uploads\/2019\/06\/eslasticite-4.png\" data-rel=\"lightbox-image-3\" data-rl_title=\"\" data-rl_caption=\"\" title=\"\"><img loading=\"lazy\" decoding=\"async\" class=\"alignleft size-full wp-image-1187\" src=\"https:\/\/horizonsud.ch\/wp-content\/uploads\/2019\/06\/eslasticite-4.png\" alt=\"\" width=\"566\" height=\"1019\" srcset=\"https:\/\/horizonsud.ch\/wp-content\/uploads\/2019\/06\/eslasticite-4.png 566w, https:\/\/horizonsud.ch\/wp-content\/uploads\/2019\/06\/eslasticite-4-167x300.png 167w\" sizes=\"auto, (max-width: 566px) 100vw, 566px\" \/><\/a><\/p><\/div>\n<\/article>\n","protected":false},"excerpt":{"rendered":"<p>R\u00e9f\u00e9rentiel de l\u2019Organisation Cliquez sur le th\u00e8me qui vous int\u00e9resse : L\u2019adhocratie en tant que mod\u00e8le organisationnel th\u00e9orique Afin de pouvoir regrouper divers sp\u00e9cialistes dans des projets fonctionnant sans heurts dans un domaine complexe et dynamique, une configuration structurelle a d\u00fb \u00eatre invent\u00e9e par Henry Mintzberg : l\u2019adhocratie. Henry Mintzberg est n\u00e9 le 2 sepembre [&hellip;]<\/p>\n","protected":false},"author":1,"featured_media":0,"parent":0,"menu_order":0,"comment_status":"closed","ping_status":"open","template":"","meta":{"_mi_skip_tracking":false,"footnotes":""},"class_list":["post-211","page","type-page","status-publish","hentry"],"acf":[],"_links":{"self":[{"href":"https:\/\/horizonsud.ch\/index.php?rest_route=\/wp\/v2\/pages\/211","targetHints":{"allow":["GET"]}}],"collection":[{"href":"https:\/\/horizonsud.ch\/index.php?rest_route=\/wp\/v2\/pages"}],"about":[{"href":"https:\/\/horizonsud.ch\/index.php?rest_route=\/wp\/v2\/types\/page"}],"author":[{"embeddable":true,"href":"https:\/\/horizonsud.ch\/index.php?rest_route=\/wp\/v2\/users\/1"}],"replies":[{"embeddable":true,"href":"https:\/\/horizonsud.ch\/index.php?rest_route=%2Fwp%2Fv2%2Fcomments&post=211"}],"version-history":[{"count":25,"href":"https:\/\/horizonsud.ch\/index.php?rest_route=\/wp\/v2\/pages\/211\/revisions"}],"predecessor-version":[{"id":1405,"href":"https:\/\/horizonsud.ch\/index.php?rest_route=\/wp\/v2\/pages\/211\/revisions\/1405"}],"wp:attachment":[{"href":"https:\/\/horizonsud.ch\/index.php?rest_route=%2Fwp%2Fv2%2Fmedia&parent=211"}],"curies":[{"name":"wp","href":"https:\/\/api.w.org\/{rel}","templated":true}]}}