{"id":205,"date":"2015-01-05T09:42:25","date_gmt":"2015-01-05T09:42:25","guid":{"rendered":"https:\/\/horizonsud.ch\/hs\/?page_id=205"},"modified":"2019-11-04T10:47:10","modified_gmt":"2019-11-04T10:47:10","slug":"concept-general-de-lorganisation-2","status":"publish","type":"page","link":"https:\/\/horizonsud.ch\/?page_id=205","title":{"rendered":"Concept g\u00e9n\u00e9ral de l\u2019Organisation"},"content":{"rendered":"<h1>Concept g\u00e9n\u00e9ral de l\u2019Organisation<\/h1>\n<p>HorizonSud est une fondation de droit priv\u00e9 regroupant, sous une m\u00eame appellation juridique des r\u00e9sidences, des ateliers et des appartements. Elle dispose \u00e9galement d\u2019un Secteur Administration et Finances, de m\u00eame que d\u2019un Secteur Logistique.<br \/>\nIl s\u2019agit aussi d\u2019une entit\u00e9 virtuelle sous l\u2019\u00e9gide de laquelle sont regroup\u00e9s tous les aspects communs n\u00e9cessaires \u00e0 une unit\u00e9 de doctrine ou de pratiques.<br \/>\nLe si\u00e8ge social est \u00e0 Marsens. HorizonSud est \u00e9galement d\u00e9sign\u00e9e par le terme \u00ab Fondation \u00bb et, en interne exclusivement, par l\u2019abr\u00e9vation FHS.<\/p>\n<p>Les prestations directes aux b\u00e9n\u00e9ficiaires sont assur\u00e9es par le Secteur Socio-\u00e9ducatif, ainsi que le Secteur Socioprofessionnel.<\/p>\n<p>Les r\u00e9sidences, ateliers et appartements sont des entit\u00e9s physiques ind\u00e9pendantes les unes des autres, disposant d\u2019une large autonomie dans leur fonctionnement, et charg\u00e9es de la r\u00e9alisation de la MISSION qui leur a \u00e9t\u00e9 attribu\u00e9e. Les r\u00e9sidences, ateliers et appartements sont \u00e9galement d\u00e9sign\u00e9s par le terme de \u00ab site(s) \u00bb.<\/p>\n<p>Les Secteurs Administration et Finances de m\u00eame que Logistique sont des entit\u00e9s ind\u00e9pendantes qui disposent d\u2019une large autonomie dans leur fonctionnement, et charg\u00e9es de la r\u00e9alisation de la MISSION qui leur a \u00e9t\u00e9 attribu\u00e9e. Ces deux secteurs \u0153uvrent en qualit\u00e9 de \u00ab service \u00bb au profit des sites et\/ou des Secteurs Socio-\u00e9ducatif de m\u00eame que Socioprofessionnel.<br \/>\nA toutes fins de repr\u00e9sentation commune de la Fondation, un mod\u00e8le \u00e0 six niveaux est adopt\u00e9 :<\/p>\n<p>MISSION, AMBITIONS, VALEURS, PRINCIPES DE MANAGEMENT,<br \/>\nSTRAT\u00c9GIES D&rsquo;INTERVENTION et PLAN D\u2019ACTIONS.<\/p>\n<p>Une \u00ab grille de r\u00e9partition des r\u00f4les \u00bb d\u00e9finit l\u2019organe, le responsable ou le collaborateur-trice impliqu\u00e9 \u00e0 chacun des six niveaux. Le cas \u00e9ch\u00e9ant, ce mode de repr\u00e9sentation est \u00e9galement appliqu\u00e9 au sein des secteurs et des sites.<\/p>\n","protected":false},"excerpt":{"rendered":"<p>Concept g\u00e9n\u00e9ral de l\u2019Organisation HorizonSud est une fondation de droit priv\u00e9 regroupant, sous une m\u00eame appellation juridique des r\u00e9sidences, des ateliers et des appartements. Elle dispose \u00e9galement d\u2019un Secteur Administration et Finances, de m\u00eame que d\u2019un Secteur Logistique. Il s\u2019agit aussi d\u2019une entit\u00e9 virtuelle sous l\u2019\u00e9gide de laquelle sont regroup\u00e9s tous les aspects communs n\u00e9cessaires [&hellip;]<\/p>\n","protected":false},"author":1,"featured_media":0,"parent":0,"menu_order":0,"comment_status":"closed","ping_status":"open","template":"","meta":{"_mi_skip_tracking":false,"footnotes":""},"class_list":["post-205","page","type-page","status-publish","hentry"],"acf":[],"_links":{"self":[{"href":"https:\/\/horizonsud.ch\/index.php?rest_route=\/wp\/v2\/pages\/205","targetHints":{"allow":["GET"]}}],"collection":[{"href":"https:\/\/horizonsud.ch\/index.php?rest_route=\/wp\/v2\/pages"}],"about":[{"href":"https:\/\/horizonsud.ch\/index.php?rest_route=\/wp\/v2\/types\/page"}],"author":[{"embeddable":true,"href":"https:\/\/horizonsud.ch\/index.php?rest_route=\/wp\/v2\/users\/1"}],"replies":[{"embeddable":true,"href":"https:\/\/horizonsud.ch\/index.php?rest_route=%2Fwp%2Fv2%2Fcomments&post=205"}],"version-history":[{"count":19,"href":"https:\/\/horizonsud.ch\/index.php?rest_route=\/wp\/v2\/pages\/205\/revisions"}],"predecessor-version":[{"id":1383,"href":"https:\/\/horizonsud.ch\/index.php?rest_route=\/wp\/v2\/pages\/205\/revisions\/1383"}],"wp:attachment":[{"href":"https:\/\/horizonsud.ch\/index.php?rest_route=%2Fwp%2Fv2%2Fmedia&parent=205"}],"curies":[{"name":"wp","href":"https:\/\/api.w.org\/{rel}","templated":true}]}}