{"id":175,"date":"2015-01-05T09:36:24","date_gmt":"2015-01-05T09:36:24","guid":{"rendered":"https:\/\/horizonsud.ch\/hs\/?page_id=175"},"modified":"2019-08-22T21:52:04","modified_gmt":"2019-08-22T21:52:04","slug":"concept-general-des-appartements-et-des-residences-2","status":"publish","type":"page","link":"https:\/\/horizonsud.ch\/?page_id=175","title":{"rendered":"Concept g\u00e9n\u00e9ral des Appartements et des R\u00e9sidences"},"content":{"rendered":"<h1>Concept g\u00e9n\u00e9ral des Appartements et des R\u00e9sidences<\/h1>\n<p style=\"color: #c20e1a;\">Cliquez sur le th\u00e8me qui vous int\u00e9resse :<\/p>\n<article class=\"section\"><a class=\"button-toggle\">Qui nous sommes<\/a><\/p>\n<div class=\"content-toggle-in\">\n<p>Les appartements ainsi que les r\u00e9sidences font partie de la Fondation HorizonSud, institution de droit priv\u00e9 dont le si\u00e8ge social se trouve \u00e0 Marsens, et reconnue en qualit\u00e9 d\u2019institution sp\u00e9cialis\u00e9e par le D\u00e9partement de la Sant\u00e9 et des Affaires Sociales du canton de Fribourg. Ils sont certifi\u00e9s selon les normes ISO 9001 : 2015 et les Crit\u00e8res de qualit\u00e9 requis pour les institutions sociales latines.<\/p>\n<p>Ils offrent \u00e0 des personnes atteintes dans leur sant\u00e9 psychique des formes de logements alternatifs dans lesquels elles m\u00e8nent une vie sociale, maintiennent et d\u00e9veloppent des comp\u00e9tences. Les appartements et les r\u00e9sidences constituent ainsi des espaces au sein desquels une assistance individuelle est fournie aussi longtemps que la personne l\u2019estime n\u00e9cessaire et souhaitable, avec l\u2019intervention aussi r\u00e9duite que possible de la part des professionnels. Ces prestations peuvent \u00e9galement \u00eatre offertes \u00e0 des personnes vivant de mani\u00e8re ind\u00e9pendante dans leur domicile.<\/p>\n<p>Les appartements ainsi que les r\u00e9sidences peuvent accueillir des hommes et des femmes au b\u00e9n\u00e9fice d\u2019une rente d\u2019invalidit\u00e9 reconnue. L\u2019admission peut se faire d\u00e8s 18 ans r\u00e9volus et jusqu\u2019\u00e0 l\u2019\u00e2ge de la retraite, au-del\u00e0 de laquelle le s\u00e9jour peut n\u00e9anmoins se poursuivre. De mani\u00e8re limit\u00e9e ils peuvent \u00e9galement h\u00e9berger des personnes pour lesquelles une institutionnalisation a \u00e9t\u00e9 ordonn\u00e9e par la justice.<\/p>\n<p>Ils proposent 140 places d\u2019h\u00e9bergement dans divers appartements situ\u00e9s \u00e0 Bulle ainsi qu\u2019au sein des r\u00e9sidences de Gumefens, de Marsens, des Sciernes-d\u2019Albeuve et de la Tour-de-Tr\u00eame.<br \/>\nCes lieux permettent ainsi aux r\u00e9sident-e-s de favoriser le d\u00e9veloppement de leurs comp\u00e9tences sociales, c\u2019est-\u00e0-dire la capacit\u00e9 \u00e0 vivre une vie riche et pleine dans la communaut\u00e9 ou l\u2019environnement de leur choix. Les demandes et les pressions exerc\u00e9es sur ces personnes, de m\u00eame que l\u2019am\u00e9nagement de soutiens compensatoires sp\u00e9cifiques, sont adapt\u00e9s \u00e0 chaque situation individuelle, principalement par l\u2019intervention des \u00e9quipes socio-\u00e9ducatives et des autres professionnels de la sant\u00e9 psychique. Le seuil de tol\u00e9rance \u00e0 des comportements difficiles, \u00e0 un important besoin d\u2019accompagnement ou de soutien sont la norme dans cet environnement sp\u00e9cifique.<\/p>\n<p>Selon le projet du r\u00e9sident-e une activit\u00e9 professionnelle est possible soit au sein des ateliers \u00e0 emplois prot\u00e9g\u00e9s de la fondation HorizonSud, soit sous forme d\u2019un soutien \u00e0 l\u2019emploi en \u00e9conomie libre.<\/p>\n<p>Le suivi m\u00e9dical est assur\u00e9 par des m\u00e9decins sp\u00e9cialistes ou g\u00e9n\u00e9ralistes, pratiquant leur art \u00e0 titre ind\u00e9pendant, et choisis par les r\u00e9sident-e-s eux-m\u00eames. Une \u00e9troite collaboration est instaur\u00e9e entre ces m\u00e9decins et nos diverses \u00e9quipes.<\/p>\n<\/div>\n<\/article>\n<article class=\"section\"><a class=\"button-toggle\">Ce que nous offrons<\/a><\/p>\n<div class=\"content-toggle-in\">\n<h3>Le r\u00e9tablissement comme processus<\/h3>\n<p>Nous pratiquons le r\u00e9tablissement, qui, pour une personne atteinte dans sa sant\u00e9 psychique, est consid\u00e9r\u00e9 comme un processus unique, profond\u00e9ment personnel, de changement de ses attitudes, valeurs, sentiments, objectifs, habilet\u00e9s et r\u00f4les. C\u2019est une fa\u00e7on de vivre une vie motivante, pleine d\u2019espoir et participative m\u00eame avec les limites impos\u00e9es par la d\u00e9ficience.<\/p>\n<p>Quatre ingr\u00e9dients essentiels composent ce processus: l\u2019espoir, la red\u00e9finition de l\u2019identit\u00e9, la d\u00e9couverte d\u2019un sens \u00e0 la vie et la responsabilit\u00e9 personnelle d\u2019implication au r\u00e9tablissement.<\/p>\n<p>L\u2019espoir est un ingr\u00e9dient majeur, v\u00e9ritable catalyseur du r\u00e9tablissement. La red\u00e9finition de l\u2019identit\u00e9 va permettre de distinguer ce qui fait partie de la maladie et ce qui fait partie de la personne. De nouveaux projets vont donner ou redonner un sens \u00e0 la vie. Enfin, un int\u00e9r\u00eat dans le processus ainsi que la perception de l\u2019utilit\u00e9 de la r\u00e9habilitation psychiatrique sont indispensables.<\/p>\n<p>La volont\u00e9 et l\u2019engagement \u00e0 changer sont fondamentaux ; pas la capacit\u00e9 \u00e0 changer.<\/p>\n<p>Dynamique, non lin\u00e9aire, ce processus \u00e9volue en diff\u00e9rentes \u00e9tapes: le moratoire, la conscience, la pr\u00e9paration, la reconstruction et la croissance. Le moratoire est caract\u00e9ris\u00e9 par le d\u00e9ni, la confusion, le d\u00e9sespoir, le repli et la r\u00e9volte. La conscience permet \u00e0 la personne d\u2019endosser un autre r\u00f4le que celui de malade. L\u2019\u00e9tape de la pr\u00e9paration implique de faire l\u2019inventaire de sa partie saine, de ses valeurs, de ses forces et de ses faiblesses. La reconstruction constitue une prise de contr\u00f4le sur sa vie avec des risques, des \u00e9checs, des essais. Les succ\u00e8s arriveront avec la phase de croissance o\u00f9 la personne n\u2019est pas forc\u00e9ment libre de ses sympt\u00f4mes mais sait comment g\u00e9rer sa maladie dans une vie n\u00e9anmoins riche et pleine.<\/p>\n<\/div>\n<\/article>\n<article class=\"section\"><a class=\"button-toggle\">Comment nous intervenons<\/a><\/p>\n<div class=\"content-toggle-in\">\n<h3>La r\u00e9habilitation psychiatrique<\/h3>\n<p>Pour faciliter le r\u00e9tablissement \u00e9voqu\u00e9, notre concept est celui de la r\u00e9habilitation psychiatrique. Nous proposons deux strat\u00e9gies principales:<br \/>\n1. Aider la personne \u00e0 d\u00e9velopper ou retrouver les habilet\u00e9s sociales relationnelles, utilitaires et instrumentales dont elle a besoin pour vivre avec succ\u00e8s et satisfaction dans la communaut\u00e9 de son choix ;<br \/>\nPour ce faire, les intervenants du domaine socio-\u00e9ducatif pratiquent principalement l\u2019entra\u00eenement aux habilet\u00e9s sociales et les th\u00e9rapies cognitives des sympt\u00f4mes psychotiques.<br \/>\n2. Adapter les demandes et pressions exerc\u00e9es sur la personne et am\u00e9nager les soutiens dont elle a besoin pour vivre avec succ\u00e8s et satisfaction dans la communaut\u00e9 de son choix.<\/p>\n<p>Les professionnels de l\u2019accompagnement ont pour buts de soutenir l\u2019am\u00e9lioration de la gestion des sympt\u00f4mes pour \u00e9viter la rechute, \u00e9tablir ou r\u00e9tablir des habilet\u00e9s sociales, et d\u2019aider le-la r\u00e9sident-e \u00e0 atteindre une qualit\u00e9 de vie satisfaisante par la diminution ou la compensation de ses d\u00e9ficiences.<br \/>\nParce que les buts de la r\u00e9habilitation psychiatrique sont centr\u00e9s sur l\u2019ajustement \u00e0 la vie quotidienne, il est essentiel que le-la r\u00e9sident-e participe activement \u00e0 la d\u00e9finition de ses objectifs personnels puis s\u2019implique activement, le cas \u00e9ch\u00e9ant avec l\u2019aide de sa famille et de ses proches. Ceci aide \u00e9galement \u00e0 \u00e9laborer des projets r\u00e9alistes afin de ne pas conduire le-la r\u00e9sident-e \u00e0 l\u2019\u00e9chec, voire \u00e0 la rechute.<br \/>\nC\u2019est la pr\u00e9sence ou l\u2019absence d\u2019habilet\u00e9s sociales et non pas la disparition des sympt\u00f4mes cliniques qui est le facteur d\u00e9terminant dans le succ\u00e8s de la r\u00e9habilitation.<\/p>\n<p>Le concept de r\u00e9habilitation psychiatrique est appliqu\u00e9 au sein de toutes nos R\u00e9sidences, Appartements et Ateliers \u00e0 emplois prot\u00e9g\u00e9s.<\/p>\n<h3>Difficult\u00e9s (selon ELADEB) et Besoins<\/h3>\n<p>Dans la pratique, le processus de r\u00e9habilitation psychiatrique se focalise sur une d\u00e9marche d\u2019investigation des difficult\u00e9s et des besoins des personnes atteintes dans leur sant\u00e9 psychique ; tant l\u2019appr\u00e9ciation de la personne elle-m\u00eame que celle de l\u2019\u00e9quipe charg\u00e9e d\u2019apporter l\u2019aide suppl\u00e9mentaire n\u00e9cessaire sont prises en consid\u00e9ration.<\/p>\n<p>Exclusivement en lien avec Eladeb, par difficult\u00e9s il y a lieu d\u2019entendre les obstacles non r\u00e9solus actuellement par la personne, et qui lui emp\u00eachent, dans les diff\u00e9rents domaines de la vie, l\u2019acc\u00e8s \u00e0 une qualit\u00e9 de vie riche et pleine ;<br \/>\nPar besoins il faut entendre les moyens suppl\u00e9mentaires par rapport \u00e0 ce qui existe d\u00e9j\u00e0, \u00e0 mettre en \u0153uvre pour aider la personne \u00e0 d\u00e9passer ses obstacles.<\/p>\n<p>L\u2019\u00e9valuation des difficult\u00e9s et des besoins porte sur divers domaines qui couvrent des aspects pratiques du quotidien (lieu de vie, finances, travail, temps libre, t\u00e2ches administratives, entretien du m\u00e9nage, d\u00e9placements, fr\u00e9quentation des lieux publics, droit et justice), de la vie relationnelle et du r\u00e9seau social (famille, enfants, relations sentimentales, connaissances et amiti\u00e9s, sexualit\u00e9), et de la sph\u00e8re de la sant\u00e9 (alimentation, hygi\u00e8ne personnelle, sant\u00e9 physique, sant\u00e9 psychique, addictions, traitement, spiritualit\u00e9).<\/p>\n<p>L\u2019\u00e9valuation a lieu dans les trente jours apr\u00e8s l\u2019admission dans l\u2019institution puis se renouvelle r\u00e9guli\u00e8rement tout au long du s\u00e9jour, respectivement du processus de r\u00e9tablissement.<\/p>\n<p>Cette d\u00e9marche vise \u00e0 \u00e9laborer un programme individuel document\u00e9, personnalis\u00e9 et adapt\u00e9 \u00e0 chaque situation, ici et maintenant. Elle permet de d\u00e9finir les moyens qui r\u00e9pondent le plus ad\u00e9quatement aux attentes de la personne dans le cadre de l\u2019offre possible propos\u00e9e, et avec le souci des crit\u00e8res d\u2019\u00e9conomicit\u00e9 qui en d\u00e9coulent.<br \/>\nEnfin, elle permet la mesure de la satisfaction de la personne concern\u00e9e, en regard des prestations d\u00e9livr\u00e9es par les divers intervenants.<\/p>\n<p>Dans la pratique et tr\u00e8s concr\u00e8tement, la d\u00e9marche d\u2019investigation est conduite au moyen de l\u2019Echelle Lausannoise d\u2019Auto-\u00e9valuation des Difficult\u00e9s Et des Besoins : ELADEB.<\/p>\n<\/div>\n<\/article>\n<article class=\"section\"><a class=\"link-section\" href=\"#\" data-featherlight=\"#mylightbox2\">Offre d\u2019habitats et d\u2019environnements<\/a><\/p>\n<div class=\"featherlight featherlight-iframe\" style=\"display: none;\">\n<div id=\"mylightbox2\">\n<table id=\"tablepress-1\" class=\"tablepress tablepress-id-1\">\n<thead>\n<tr class=\"row-1 odd\">\n\t<th class=\"column-1\">Lieu<\/th><th class=\"column-2\">Type d'habitat<\/th><th class=\"column-3\">Sp\u00e9cificit\u00e9 environnementale<\/th><th class=\"column-4\">Places<\/th><th class=\"column-5\">Veilles<\/th><th class=\"column-6\">Pr\u00e9sence socio-\u00e9ducative (H \/ 24H)<\/th><th class=\"column-7\">Prise en charge de probl\u00e9matiques physiques<\/th>\n<\/tr>\n<\/thead>\n<tbody class=\"row-hover\">\n<tr class=\"row-2 even\">\n\t<td class=\"column-1\">Bulle<\/td><td class=\"column-2\">Appartements<\/td><td class=\"column-3\">Milieu urbain de 2, 3, 4 r\u00e9sidents<\/td><td class=\"column-4\">32<\/td><td class=\"column-5\">Aucune<\/td><td class=\"column-6\">5\/24<\/td><td class=\"column-7\">non<\/td>\n<\/tr>\n<tr class=\"row-3 odd\">\n\t<td class=\"column-1\">Gumefens<\/td><td class=\"column-2\">R\u00e9sidence communautaire<\/td><td class=\"column-3\">Milieu villageois<\/td><td class=\"column-4\">22<\/td><td class=\"column-5\">Passives<\/td><td class=\"column-6\">15\/24<\/td><td class=\"column-7\">non<\/td>\n<\/tr>\n<tr class=\"row-4 even\">\n\t<td class=\"column-1\">Marsens<\/td><td class=\"column-2\">R\u00e9sidence<\/td><td class=\"column-3\">Milieu villageois de 4 groupes<br \/>\ncommunautaires de<br \/>\n9 r\u00e9sidents et 3 groupes de<br \/>\n8 r\u00e9sidents<br \/>\n<br \/>\n<br \/>\nAccueil temporaire<\/td><td class=\"column-4\">59<br \/>\n<br \/>\n<br \/>\n<br \/>\n<br \/>\n<br \/>\n1<\/td><td class=\"column-5\">Actives<\/td><td class=\"column-6\">24\/24<\/td><td class=\"column-7\">oui<\/td>\n<\/tr>\n<tr class=\"row-5 odd\">\n\t<td class=\"column-1\">Les Sciernes d'Albeuve<\/td><td class=\"column-2\">R\u00e9sidence communautaire<\/td><td class=\"column-3\">Milieu villageois<\/td><td class=\"column-4\">20<\/td><td class=\"column-5\">Passives<\/td><td class=\"column-6\">14\/24<\/td><td class=\"column-7\">non<\/td>\n<\/tr>\n<tr class=\"row-6 even\">\n\t<td class=\"column-1\">La Tour-de-Tr\u00eame<\/td><td class=\"column-2\">R\u00e9sidence communautaire<\/td><td class=\"column-3\">Milieu p\u00e9ri-urbain<\/td><td class=\"column-4\">6<\/td><td class=\"column-5\">Passives<\/td><td class=\"column-6\">14\/24<\/td><td class=\"column-7\">non<\/td>\n<\/tr>\n<tr class=\"row-7 odd\">\n\t<td class=\"column-1\"><\/td><td class=\"column-2\"><\/td><td class=\"column-3\"><\/td><td class=\"column-4\">140<\/td><td class=\"column-5\"><\/td><td class=\"column-6\"><\/td><td class=\"column-7\"><\/td>\n<\/tr>\n<tr class=\"row-8 even\">\n\t<td colspan=\"7\" class=\"column-1\">Sous l\u2019appellation \u00ab communautaire \u00bb, il faut entendre un collectif compos\u00e9 de r\u00e9sidents partageant des naturels communs.<\/td>\n<\/tr>\n<tr class=\"row-9 odd\">\n\t<td class=\"column-1\">Bulle<\/td><td class=\"column-2\">Appartements priv\u00e9s<\/td><td class=\"column-3\">Milieu urbain<\/td><td class=\"column-4\">-<\/td><td class=\"column-5\">-<\/td><td class=\"column-6\">1-2 H\/semaine<\/td><td class=\"column-7\">non<\/td>\n<\/tr>\n<\/tbody>\n<\/table>\n<!-- #tablepress-1 from cache --><\/div>\n<\/div>\n<\/article>\n","protected":false},"excerpt":{"rendered":"<p>Concept g\u00e9n\u00e9ral des Appartements et des R\u00e9sidences Cliquez sur le th\u00e8me qui vous int\u00e9resse : Qui nous sommes Les appartements ainsi que les r\u00e9sidences font partie de la Fondation HorizonSud, institution de droit priv\u00e9 dont le si\u00e8ge social se trouve \u00e0 Marsens, et reconnue en qualit\u00e9 d\u2019institution sp\u00e9cialis\u00e9e par le D\u00e9partement de la Sant\u00e9 et [&hellip;]<\/p>\n","protected":false},"author":1,"featured_media":0,"parent":0,"menu_order":0,"comment_status":"closed","ping_status":"open","template":"","meta":{"_mi_skip_tracking":false,"footnotes":""},"class_list":["post-175","page","type-page","status-publish","hentry"],"acf":[],"_links":{"self":[{"href":"https:\/\/horizonsud.ch\/index.php?rest_route=\/wp\/v2\/pages\/175","targetHints":{"allow":["GET"]}}],"collection":[{"href":"https:\/\/horizonsud.ch\/index.php?rest_route=\/wp\/v2\/pages"}],"about":[{"href":"https:\/\/horizonsud.ch\/index.php?rest_route=\/wp\/v2\/types\/page"}],"author":[{"embeddable":true,"href":"https:\/\/horizonsud.ch\/index.php?rest_route=\/wp\/v2\/users\/1"}],"replies":[{"embeddable":true,"href":"https:\/\/horizonsud.ch\/index.php?rest_route=%2Fwp%2Fv2%2Fcomments&post=175"}],"version-history":[{"count":41,"href":"https:\/\/horizonsud.ch\/index.php?rest_route=\/wp\/v2\/pages\/175\/revisions"}],"predecessor-version":[{"id":1276,"href":"https:\/\/horizonsud.ch\/index.php?rest_route=\/wp\/v2\/pages\/175\/revisions\/1276"}],"wp:attachment":[{"href":"https:\/\/horizonsud.ch\/index.php?rest_route=%2Fwp%2Fv2%2Fmedia&parent=175"}],"curies":[{"name":"wp","href":"https:\/\/api.w.org\/{rel}","templated":true}]}}