{"id":1603,"date":"2024-07-29T06:37:18","date_gmt":"2024-07-29T06:37:18","guid":{"rendered":"https:\/\/horizonsud.ch\/?page_id=1603"},"modified":"2026-04-28T21:44:23","modified_gmt":"2026-04-28T21:44:23","slug":"offre-demploi-pour-des-personnes-au-benefice-dune-rente-ai","status":"publish","type":"page","link":"https:\/\/horizonsud.ch\/?page_id=1603","title":{"rendered":"Offre d\u2019emploi pour des personnes au b\u00e9n\u00e9fice d\u2019une rente AI"},"content":{"rendered":"<h1>Places de travail pour des personnes au b\u00e9n\u00e9fice d\u2019une rente AI.<\/h1>\n<p>Notre institution offre des places de travail valorisantes, pour des personnes au b\u00e9n\u00e9fice d\u2019une rente AI, dans les secteurs suivants :<\/p>\n<p style=\"color: #c20e1a;\">Cliquez sur le th\u00e8me qui vous int\u00e9resse :<\/p>\n<article class=\"section\"><a class=\"button-toggle\">Menuiserie<\/a><\/p>\n<div class=\"content-toggle-in\">\n<p>Notre menuiserie fabrique principalement des objets en bois pour des entreprises de la r\u00e9gion, des priv\u00e9s et notre boutique ATELIERS CHALAMALA.<\/p>\n<div class=\"custom-row\">\n<div class=\"col-12 col-lg-8\">\n<h3>Les travaux r\u00e9alis\u00e9s :<\/h3>\n<ul>\n<li>Travail du bois<\/li>\n<li>Utilisation possible des machines<\/li>\n<li>Travaux de peinture<\/li>\n<li>Gravage laser<\/li>\n<\/ul>\n<h3>Votre travail :<\/h3>\n<ul>\n<li>Le travail est tr\u00e8s vari\u00e9.<\/li>\n<li>Les activit\u00e9s sont simples ou plus compliqu\u00e9es.<\/li>\n<li>Le travail est manuel.<\/li>\n<li>Vous travaillez debout ou assis.<\/li>\n<\/ul>\n<\/div>\n<div class=\"col-12 col-lg-4\"><a href=\"https:\/\/horizonsud.ch\/wp-content\/uploads\/2024\/09\/11-Prestations-places-menuiserie-1.jpg\" data-rel=\"lightbox-image-0\" data-rl_title=\"\" data-rl_caption=\"\" title=\"\"><img loading=\"lazy\" decoding=\"async\" class=\"size-full wp-image-1582 alignleft\" src=\"https:\/\/horizonsud.ch\/wp-content\/uploads\/2024\/09\/11-Prestations-places-menuiserie-1.jpg\" alt=\"\" width=\"294\" height=\"312\" \/><\/a><\/div>\n<\/div>\n<\/div>\n<\/article>\n<article class=\"section\"><a class=\"button-toggle\">Entretien des espaces verts<\/a><\/p>\n<div class=\"content-toggle-in\">\n<p>Nous offrons des services de paysagistes aux entreprises et particuliers de la r\u00e9gion de Bulle.<\/p>\n<div class=\"custom-row\">\n<div class=\"col-12 col-lg-8\">\n<h3>Les travaux r\u00e9alis\u00e9s :<\/h3>\n<ul>\n<li>Tonte<\/li>\n<li>Taille des haies, arbres et arbustes<\/li>\n<li>Petits am\u00e9nagements<\/li>\n<li>Entretiens r\u00e9guliers de propri\u00e9t\u00e9s<\/li>\n<\/ul>\n<h3>Votre travail :<\/h3>\n<ul>\n<li>Vous \u00eates la plupart du temps \u00e0 l\u2019ext\u00e9rieur.<\/li>\n<li>Vous travaillez dans une petite \u00e9quipe.<\/li>\n<li>Vous apprenez \u00e0 utiliser les machines.<\/li>\n<li>Cette activit\u00e9 demande d\u2019\u00eatre en forme physiquement.<\/li>\n<\/ul>\n<\/div>\n<div class=\"col-12 col-lg-4\"><a href=\"https:\/\/horizonsud.ch\/wp-content\/uploads\/2024\/09\/12-Prestations-places-espace-vert.jpg\" data-rel=\"lightbox-image-1\" data-rl_title=\"\" data-rl_caption=\"\" title=\"\"><img decoding=\"async\" class=\"alignleft wp-image-1590 size-full\" src=\"https:\/\/horizonsud.ch\/wp-content\/uploads\/2024\/09\/12-Prestations-places-espace-vert.jpg\" alt=\"\" \/><\/a><\/div>\n<\/div>\n<\/div>\n<\/article>\n<article class=\"section\"><a class=\"button-toggle\">Prestations industrielles<\/a><\/p>\n<div class=\"content-toggle-in\">\n<p>Nos ateliers de conditionnement et mailing r\u00e9alisent des travaux pour des clients qui sont dans les domaines horloger, alimentaire, industriel, pharmaceutiques, marketing etc\u2026<\/p>\n<div class=\"custom-row\">\n<div class=\"col-12 col-lg-8\">\n<h3>Les travaux r\u00e9alis\u00e9s :<\/h3>\n<ul>\n<li>Mise sous pli et envois postaux<\/li>\n<li>Mise en forme de bo\u00eetes pour l\u2019horlogerie de luxe<\/li>\n<li>Petits montages<\/li>\n<li>Contr\u00f4le qualit\u00e9<\/li>\n<li>Conditionnements divers<\/li>\n<\/ul>\n<h3>Votre travail :<\/h3>\n<ul>\n<li>Vous \u00eates la plupart du temps assis.<\/li>\n<li>Vous travaillerez pour des grands noms de l\u2019horlogerie suisse.<\/li>\n<li>Les travaux sont simples et r\u00e9p\u00e9titifs.<\/li>\n<li>Il n\u2019est pas n\u00e9cessaire d\u2019avoir une grande force physique.<\/li>\n<\/ul>\n<\/div>\n<div class=\"col-12 col-lg-4\"><a href=\"https:\/\/horizonsud.ch\/wp-content\/uploads\/2024\/09\/13-Pre\u0301sentation-places-Prestation-industrielles.jpg\" data-rel=\"lightbox-image-2\" data-rl_title=\"\" data-rl_caption=\"\" title=\"\"><img loading=\"lazy\" decoding=\"async\" class=\"alignleft wp-image-1593 size-full\" src=\"https:\/\/horizonsud.ch\/wp-content\/uploads\/2024\/09\/13-Pre\u0301sentation-places-Prestation-industrielles.jpg\" alt=\"\" width=\"320\" height=\"300\" \/><\/a><\/div>\n<\/div>\n<\/div>\n<\/article>\n<article class=\"section\"><a class=\"button-toggle\">Artisanat<\/a><\/p>\n<div class=\"content-toggle-in\">\n<p>Dans nos ateliers d\u2019artisanat, chaque pi\u00e8ce est unique, mais nous r\u00e9alisons tout de m\u00eame des petites s\u00e9ries pour les cadeaux d\u2019entreprises, pour des mariages, bapt\u00eames, d\u00e9coration de r\u00e9ceptions ou magasins. Nous r\u00e9alisons une tr\u00e8s grande partie de nos articles \u00e0 base de mat\u00e9riaux recycl\u00e9s. Nous avons une Boutique qui s\u2019appelle ATELIERS CHALAMALA.<\/p>\n<div class=\"custom-row\">\n<div class=\"col-12 col-lg-8\">\n<h3>Les travaux r\u00e9alis\u00e9s :<\/h3>\n<ul>\n<li>Confection de papier artisanal<\/li>\n<li>Confection de cartes de voeux<\/li>\n<li>Couture<\/li>\n<li>Tissage<\/li>\n<li>Travail du verre<\/li>\n<li>Travail du bois<\/li>\n<\/ul>\n<h3>Votre travail :<\/h3>\n<ul>\n<li>Le travail est vari\u00e9.<\/li>\n<li>Vous \u00eates la plupart du temps assis.<\/li>\n<li>Vous fabriquez de jolis objets.<\/li>\n<li>Le rythme de travail est adapt\u00e9.<\/li>\n<li>Vous avez des contacts avec d\u2019autres personnes.<\/li>\n<\/ul>\n<\/div>\n<div class=\"col-12 col-lg-4\"><a href=\"https:\/\/horizonsud.ch\/wp-content\/uploads\/2024\/09\/14-Pre\u0301sentation-places-Artisanat.jpg\" data-rel=\"lightbox-image-3\" data-rl_title=\"\" data-rl_caption=\"\" title=\"\"><img decoding=\"async\" class=\"alignleft wp-image-1592 size-full\" src=\"https:\/\/horizonsud.ch\/wp-content\/uploads\/2024\/09\/14-Pre\u0301sentation-places-Artisanat.jpg\" alt=\"\" \/><\/a><\/div>\n<\/div>\n<\/div>\n<\/article>\n<article class=\"section\"><a class=\"button-toggle\">Transport &amp; logistique<\/a><\/p>\n<div class=\"content-toggle-in\">\n<p>Nous avons des v\u00e9hicules pour transporter personnes et marchandises. Nous avons aussi un grand local pour stocker et g\u00e9rer les palettes pour la production.<\/p>\n<div class=\"custom-row\">\n<div class=\"col-12 col-lg-8\">\n<h3>Les travaux r\u00e9alis\u00e9s :<\/h3>\n<ul>\n<li>Transport de marchandises et personnes<\/li>\n<li>R\u00e9ception et contr\u00f4le de marchandises<\/li>\n<li>Identification et \u00e9tiquetage des palettes<\/li>\n<li>Inventaire de la marchandise<\/li>\n<li>Prise en charge et livraison de mat\u00e9riel pour nos clients<\/li>\n<\/ul>\n<h3>Votre travail :<\/h3>\n<ul>\n<li>Vous conduirez des v\u00e9hicules.<\/li>\n<li>Ce travail n\u00e9cessite un permis de conduire cat\u00e9gorie B.<\/li>\n<li>Vous avez beaucoup d\u2019autonomie.<\/li>\n<\/ul>\n<\/div>\n<div class=\"col-12 col-lg-4\"><a href=\"https:\/\/horizonsud.ch\/wp-content\/uploads\/2024\/09\/15-Pre\u0301sentation-places-Transport.jpg\" data-rel=\"lightbox-image-4\" data-rl_title=\"\" data-rl_caption=\"\" title=\"\"><img decoding=\"async\" class=\"alignleft wp-image-1598 size-full\" src=\"https:\/\/horizonsud.ch\/wp-content\/uploads\/2024\/09\/15-Pre\u0301sentation-places-Transport.jpg\" alt=\"\" \/><\/a><\/div>\n<\/div>\n<\/div>\n<\/article>\n<article class=\"section\"><a class=\"button-toggle\">Administration, blanchisserie, cuisine, restaurant et nettoyage :<\/a><\/p>\n<div class=\"content-toggle-in\">\n<p>Apr\u00e8s quelques mois dans un de nos ateliers, vous pourrez peut-\u00eatre acc\u00e9der \u00e0 une activit\u00e9 dans un autre secteur de l\u2019institution. Il s\u2019agit de places int\u00e9gr\u00e9es dans le secteur logistique\u00a0 et administration de notre institution.<\/p>\n<div class=\"custom-row\">\n<div class=\"col-12 col-lg-8\">\n<h3>Les travaux r\u00e9alis\u00e9s :<\/h3>\n<ul>\n<li>Service dans notre restaurant<\/li>\n<li>Travaux de blanchisserie<\/li>\n<li>Travail en cuisine<\/li>\n<li>Travaux de nettoyage de la r\u00e9sidence<\/li>\n<li>Travail dans le secr\u00e9tariat de notre administration<\/li>\n<\/ul>\n<h3>Votre travail :<\/h3>\n<ul>\n<li>Vous travaillerez avec les collaborateurs de l\u2019administration ou du secteur logistique.<\/li>\n<li>C\u2019est un travail int\u00e9gr\u00e9 dans l\u2019\u00e9conomie.<\/li>\n<li>Vous \u00eates souvent debout<b> (<\/b>logistique).<\/li>\n<li>Ce travail demande une capacit\u00e9 \u00e0 travailler en \u00e9quipe.<\/li>\n<\/ul>\n<\/div>\n<div class=\"col-12 col-lg-4\"><a href=\"https:\/\/horizonsud.ch\/wp-content\/uploads\/2024\/09\/16-Prestation-places-Cuisine.jpg\" data-rel=\"lightbox-image-5\" data-rl_title=\"\" data-rl_caption=\"\" title=\"\"><img decoding=\"async\" class=\"alignleft wp-image-1613 size-large\" src=\"https:\/\/horizonsud.ch\/wp-content\/uploads\/2024\/09\/16-Prestation-places-Cuisine.jpg\" alt=\"\" \/><\/a><\/div>\n<\/div>\n<\/div>\n<\/article>\n<article class=\"section\"><a class=\"button-toggle\">Atelier Gourmand<\/a><\/p>\n<div class=\"content-toggle-in\">\n<p>Dans l\u2019atelier gourmand nous confectionnons principalement des biscuits mais aussi divers produits de boulangerie et d\u2019autres produits alimentaires.<\/p>\n<div class=\"custom-row\">\n<div class=\"col-12 col-lg-8\">\n<h3>Les travaux r\u00e9alis\u00e9s :<\/h3>\n<ul>\n<li>Pesage et confection des p\u00e2tes biscuits et de boulangerie<\/li>\n<li>Mise en forme des biscuits<\/li>\n<li>Cuisson au four<\/li>\n<li>Confection de moutarde et confiture<\/li>\n<li>Emballage des produits<\/li>\n<li>Contr\u00f4le qualit\u00e9<\/li>\n<li>Conditionnements divers<\/li>\n<li>Cadeaux d\u2019entreprises<\/li>\n<\/ul>\n<h3>Votre travail :<\/h3>\n<ul>\n<li>Vous aimez confectionner des produits alimentaires<\/li>\n<li>Ce travail demande une capacit\u00e9 \u00e0 travailler en \u00e9quipe<\/li>\n<li>Vous devrez respecter les r\u00e8gles d\u2019hygi\u00e8nes<\/li>\n<li>Il n\u2019est pas n\u00e9cessaire d\u2019avoir une grande force physique<\/li>\n<li>Vous \u00eates souvent debout<\/li>\n<li>Les travaux sont simples et parfois r\u00e9p\u00e9titifs<\/li>\n<\/ul>\n<\/div>\n<div class=\"col-12 col-lg-4\"><a href=\"https:\/\/horizonsud.ch\/wp-content\/uploads\/2025\/01\/photos-pour-clients.jpg\" data-rel=\"lightbox-image-6\" data-rl_title=\"\" data-rl_caption=\"\" title=\"\"><img decoding=\"async\" class=\"alignleft wp-image-1598 size-full\" style=\"margin-bottom: 10px;\" src=\"https:\/\/horizonsud.ch\/wp-content\/uploads\/2025\/01\/photos-pour-clients.jpg\" alt=\"\" \/><\/a> <a href=\"https:\/\/horizonsud.ch\/wp-content\/uploads\/2025\/01\/photo-pour-le-job-employe\u0301.jpg\" data-rel=\"lightbox-image-7\" data-rl_title=\"\" data-rl_caption=\"\" title=\"\"><img decoding=\"async\" class=\"alignleft wp-image-1598 size-full\" src=\"https:\/\/horizonsud.ch\/wp-content\/uploads\/2025\/01\/photo-pour-le-job-employe\u0301.jpg\" alt=\"\" \/><\/a><\/div>\n<\/div>\n<\/div>\n<\/article>\n<article class=\"section\"><a class=\"button-toggle\">Soutien \u00e0 l\u2019activit\u00e9 en entreprise<\/a><\/p>\n<div class=\"content-toggle-in\">Nous offrons \u00e0 chaque employ\u00e9\u00b7e de nos ateliers qui le souhaite un accompagnement personnalis\u00e9 permettant un acc\u00e8s au march\u00e9 ordinaire du travail.<br \/>\n\u00c0 travers cette d\u00e9marche, nous d\u00e9sirons valoriser les comp\u00e9tences, soutenir l\u2019autonomie et renforcer l\u2019inclusion sociale, professionnelle et \u00e9conomique de chacun.<\/p>\n<div class=\"custom-row\">\n<div class=\"col-12 col-lg-8\">\n<h3>La Fondation HorizonSud<\/h3>\n<ul>\n<li>Soutien l\u2019employ\u00e9 dans sa d\u00e9marche par l\u2019interm\u00e9diaire de son job coach<\/li>\n<li>Analyse les enjeux financiers (assurances sociales) et s\u2019assure que l\u2019employ\u00e9 puisse conserver ses prestations sociales<\/li>\n<li>Utilise son r\u00e9seau pour trouver une place de travail en lien avec le choix de la personne<\/li>\n<li>Informe et n\u00e9gocie les conditions avec l\u2019entreprise partenaire<\/li>\n<li>Soutien l\u2019entreprise et l\u2019employ\u00e9 durant toute la dur\u00e9e du mandat<\/li>\n<li>R\u00e9mun\u00e8re l\u2019employ\u00e9 au tarif n\u00e9goci\u00e9 avec l\u2019entreprise partenaire<\/li>\n<li>G\u00e8re les aspects administratifs et contractuels<\/li>\n<\/ul>\n<h3>L&#8217;employ\u00e9 :<\/h3>\n<ul>\n<li>S\u2019engage dans une d\u00e9marche en vue d\u2019un poste de travail \u00e0 temps partiel dans l\u2019\u00e9conomie ordinaire<\/li>\n<li>Continue \u00e0 travailler de mani\u00e8re partielle dans nos ateliers<\/li>\n<li>R\u00e9alise des t\u00e2ches d\u00e9finies avec l\u2019entreprise partenaire et le job coach<\/li>\n<li>Collabore avec le job coach et l\u2019entreprise partenaire<\/li>\n<\/ul>\n<h3>L&rsquo;entreprise partenaire :<\/h3>\n<ul>\n<li>Met \u00e0 disposition une place de travail adapt\u00e9e aux comp\u00e9tences et besoins de l\u2019employ\u00e9<\/li>\n<li>Nomme un r\u00e9pondant interne qui accompagne l\u2019employ\u00e9<\/li>\n<li>Participe aux bilans r\u00e9guliers avec le job coach et l\u2019employ\u00e9<\/li>\n<li>R\u00e9mun\u00e8re la Fondation selon les conditions n\u00e9goci\u00e9es<\/li>\n<\/ul>\n<\/div>\n<\/div>\n<\/div>\n<\/article>\n<hr \/>\n<p><strong>Contactez-nous pour plus d&rsquo;informations<\/strong> 026 916 2000 info@horizonsud.ch<\/p>\n","protected":false},"excerpt":{"rendered":"<p>Places de travail pour des personnes au b\u00e9n\u00e9fice d\u2019une rente AI. Notre institution offre des places de travail valorisantes, pour des personnes au b\u00e9n\u00e9fice d\u2019une rente AI, dans les secteurs suivants : Cliquez sur le th\u00e8me qui vous int\u00e9resse : Menuiserie Notre menuiserie fabrique principalement des objets en bois pour des entreprises de la r\u00e9gion, [&hellip;]<\/p>\n","protected":false},"author":1,"featured_media":0,"parent":1474,"menu_order":0,"comment_status":"closed","ping_status":"closed","template":"","meta":{"_mi_skip_tracking":false,"footnotes":""},"class_list":["post-1603","page","type-page","status-publish","hentry"],"acf":[],"_links":{"self":[{"href":"https:\/\/horizonsud.ch\/index.php?rest_route=\/wp\/v2\/pages\/1603","targetHints":{"allow":["GET"]}}],"collection":[{"href":"https:\/\/horizonsud.ch\/index.php?rest_route=\/wp\/v2\/pages"}],"about":[{"href":"https:\/\/horizonsud.ch\/index.php?rest_route=\/wp\/v2\/types\/page"}],"author":[{"embeddable":true,"href":"https:\/\/horizonsud.ch\/index.php?rest_route=\/wp\/v2\/users\/1"}],"replies":[{"embeddable":true,"href":"https:\/\/horizonsud.ch\/index.php?rest_route=%2Fwp%2Fv2%2Fcomments&post=1603"}],"version-history":[{"count":41,"href":"https:\/\/horizonsud.ch\/index.php?rest_route=\/wp\/v2\/pages\/1603\/revisions"}],"predecessor-version":[{"id":1749,"href":"https:\/\/horizonsud.ch\/index.php?rest_route=\/wp\/v2\/pages\/1603\/revisions\/1749"}],"up":[{"embeddable":true,"href":"https:\/\/horizonsud.ch\/index.php?rest_route=\/wp\/v2\/pages\/1474"}],"wp:attachment":[{"href":"https:\/\/horizonsud.ch\/index.php?rest_route=%2Fwp%2Fv2%2Fmedia&parent=1603"}],"curies":[{"name":"wp","href":"https:\/\/api.w.org\/{rel}","templated":true}]}}