{"id":1601,"date":"2024-07-29T06:32:43","date_gmt":"2024-07-29T06:32:43","guid":{"rendered":"https:\/\/horizonsud.ch\/?page_id=1601"},"modified":"2024-07-29T06:32:43","modified_gmt":"2024-07-29T06:32:43","slug":"offre-demploi-pour-le-personnel-encadrant","status":"publish","type":"page","link":"https:\/\/horizonsud.ch\/?page_id=1601","title":{"rendered":"Offre d\u2019emploi pour le personnel encadrant"},"content":{"rendered":"<h1>Offres d&#8217;emploi<\/h1>\n<h2>Vous souhaitez rejoindre notre institution ?<\/h2>\n<p>Nous vous offrons, comme \u00e0 nos B\u00e9n\u00e9ficiaires, l\u2019espoir d\u2019une vie riche et pleine au travers d\u2019un emploi valorisant quel que soit votre secteur d\u2019activit\u00e9.<\/p>\n<p>Dans le but d\u2019assurer un traitement rapide et efficace de votre candidature, nous vous recommandons de privil\u00e9gier le d\u00e9p\u00f4t en ligne.<\/p>\n<p style=\"color: #c20e1a;\">Cliquez sur l&rsquo;offre qui vous int\u00e9resse :<\/p>\n","protected":false},"excerpt":{"rendered":"<p>Offres d&#8217;emploi Vous souhaitez rejoindre notre institution ? Nous vous offrons, comme \u00e0 nos B\u00e9n\u00e9ficiaires, l\u2019espoir d\u2019une vie riche et pleine au travers d\u2019un emploi valorisant quel que soit votre secteur d\u2019activit\u00e9. Dans le but d\u2019assurer un traitement rapide et efficace de votre candidature, nous vous recommandons de privil\u00e9gier le d\u00e9p\u00f4t en ligne. Cliquez sur [&hellip;]<\/p>\n","protected":false},"author":1,"featured_media":0,"parent":1474,"menu_order":0,"comment_status":"closed","ping_status":"closed","template":"page_emploi_v2.php","meta":{"_mi_skip_tracking":false,"footnotes":""},"class_list":["post-1601","page","type-page","status-publish","hentry"],"acf":[],"_links":{"self":[{"href":"https:\/\/horizonsud.ch\/index.php?rest_route=\/wp\/v2\/pages\/1601","targetHints":{"allow":["GET"]}}],"collection":[{"href":"https:\/\/horizonsud.ch\/index.php?rest_route=\/wp\/v2\/pages"}],"about":[{"href":"https:\/\/horizonsud.ch\/index.php?rest_route=\/wp\/v2\/types\/page"}],"author":[{"embeddable":true,"href":"https:\/\/horizonsud.ch\/index.php?rest_route=\/wp\/v2\/users\/1"}],"replies":[{"embeddable":true,"href":"https:\/\/horizonsud.ch\/index.php?rest_route=%2Fwp%2Fv2%2Fcomments&post=1601"}],"version-history":[{"count":2,"href":"https:\/\/horizonsud.ch\/index.php?rest_route=\/wp\/v2\/pages\/1601\/revisions"}],"predecessor-version":[{"id":1631,"href":"https:\/\/horizonsud.ch\/index.php?rest_route=\/wp\/v2\/pages\/1601\/revisions\/1631"}],"up":[{"embeddable":true,"href":"https:\/\/horizonsud.ch\/index.php?rest_route=\/wp\/v2\/pages\/1474"}],"wp:attachment":[{"href":"https:\/\/horizonsud.ch\/index.php?rest_route=%2Fwp%2Fv2%2Fmedia&parent=1601"}],"curies":[{"name":"wp","href":"https:\/\/api.w.org\/{rel}","templated":true}]}}