{"id":1546,"date":"2024-04-25T22:25:17","date_gmt":"2024-04-25T22:25:17","guid":{"rendered":"https:\/\/horizonsud.ch\/?page_id=1546"},"modified":"2026-02-03T14:23:46","modified_gmt":"2026-02-03T14:23:46","slug":"rapports","status":"publish","type":"page","link":"https:\/\/horizonsud.ch\/?page_id=1546","title":{"rendered":"Rapports"},"content":{"rendered":"<h1>D\u00e9couvrez nos activit\u00e9s et nos projets \u00e0 travers notre rapport annuel<\/h1>\n<h2>2024<\/h2>\n<p><!--[3d-flip-book mode=\"fullscreen\" id=\"1700\"][\/3d-flip-book]--><\/p>\n<p>T\u00e9l\u00e9chargez la version PDF de notre rapport d&rsquo;activit\u00e9 : <a href=\"https:\/\/horizonsud.ch\/wp-content\/uploads\/2026\/02\/HS_Rapport_activite_2024_A4_RVB.pdf\" target=\"_blank\" rel=\"noopener noreferrer\">Rapport d&rsquo;activit\u00e9 2024<\/a><\/p>\n<h2>2023<\/h2>\n<p><!--[3d-flip-book mode=\"fullscreen\" id=\"1566\"][\/3d-flip-book]--><\/p>\n<p>T\u00e9l\u00e9chargez la version PDF de notre rapport d&rsquo;activit\u00e9 : <a href=\"https:\/\/horizonsud.ch\/wp-content\/uploads\/2024\/06\/HorizonSud_Rapport_Gestion_2023_4.pdf\" target=\"_blank\" rel=\"noopener noreferrer\">Rapport d&rsquo;activit\u00e9 2023<\/a><\/p>\n","protected":false},"excerpt":{"rendered":"<p>D\u00e9couvrez nos activit\u00e9s et nos projets \u00e0 travers notre rapport annuel 2024 T\u00e9l\u00e9chargez la version PDF de notre rapport d&rsquo;activit\u00e9 : Rapport d&rsquo;activit\u00e9 2024 2023 T\u00e9l\u00e9chargez la version PDF de notre rapport d&rsquo;activit\u00e9 : Rapport d&rsquo;activit\u00e9 2023<\/p>\n","protected":false},"author":1,"featured_media":0,"parent":0,"menu_order":0,"comment_status":"closed","ping_status":"closed","template":"","meta":{"_mi_skip_tracking":false,"footnotes":""},"class_list":["post-1546","page","type-page","status-publish","hentry"],"acf":[],"_links":{"self":[{"href":"https:\/\/horizonsud.ch\/index.php?rest_route=\/wp\/v2\/pages\/1546","targetHints":{"allow":["GET"]}}],"collection":[{"href":"https:\/\/horizonsud.ch\/index.php?rest_route=\/wp\/v2\/pages"}],"about":[{"href":"https:\/\/horizonsud.ch\/index.php?rest_route=\/wp\/v2\/types\/page"}],"author":[{"embeddable":true,"href":"https:\/\/horizonsud.ch\/index.php?rest_route=\/wp\/v2\/users\/1"}],"replies":[{"embeddable":true,"href":"https:\/\/horizonsud.ch\/index.php?rest_route=%2Fwp%2Fv2%2Fcomments&post=1546"}],"version-history":[{"count":26,"href":"https:\/\/horizonsud.ch\/index.php?rest_route=\/wp\/v2\/pages\/1546\/revisions"}],"predecessor-version":[{"id":1730,"href":"https:\/\/horizonsud.ch\/index.php?rest_route=\/wp\/v2\/pages\/1546\/revisions\/1730"}],"wp:attachment":[{"href":"https:\/\/horizonsud.ch\/index.php?rest_route=%2Fwp%2Fv2%2Fmedia&parent=1546"}],"curies":[{"name":"wp","href":"https:\/\/api.w.org\/{rel}","templated":true}]}}