{"id":1498,"date":"2023-01-13T16:05:32","date_gmt":"2023-01-13T16:05:32","guid":{"rendered":"https:\/\/horizonsud.ch\/?page_id=1498"},"modified":"2023-03-02T21:34:21","modified_gmt":"2023-03-02T21:34:21","slug":"don","status":"publish","type":"page","link":"https:\/\/horizonsud.ch\/?page_id=1498","title":{"rendered":"Don"},"content":{"rendered":"<h1>Pourquoi faire un don \u00e0 l\u2019oeuvre en faveur de la Fondation HorizonSud ?<\/h1>\n<p>L\u2019oeuvre en faveur de la Fondation HorizonSud est une association \u00e0 but non lucratif. Elle aide la Fondation HorizonSud en am\u00e9liorant le bien-\u00eatre de ses b\u00e9n\u00e9ficiaires par le financement d\u2019actions sociales, sportives ou culturelles.<\/p>\n<p>Votre contribution permettra par exemple de financer :<\/p>\n<ul>\n<li>l&rsquo;entra\u00eenement et la participation de nos b\u00e9n\u00e9ficiaires au tournoi de football Special Olympics<\/li>\n<li>l&rsquo;\u00e9quipement et les frais d&rsquo;inscription pour Morat-Fribourg<\/li>\n<li>l&rsquo;organisation de manifestations institutionnelles<\/li>\n<li>le voyage d&rsquo;un b\u00e9n\u00e9ficiaire aupr\u00e8s de sa famille \u00e0 l&rsquo;\u00e9tranger<\/li>\n<\/ul>\n<p>Pour soutenir ces diff\u00e9rents projets et bien d\u2019autres encore, votre don est le bienvenu.<\/p>\n<div id=\"bon-donation\">\u0152uvre en faveur de la Fondation HorizonSud 1633 Marsens<br \/>\nIBAN CH63 8080 8001 8168 4185 3<\/div>\n<p>Votre don est d\u00e9ductible fiscalement, merci de nous laisser vos coordonn\u00e9es et une attestation fiscale vous sera envoy\u00e9e. Ces donn\u00e9es seront trait\u00e9es conform\u00e9ment \u00e0 la nouvelle loi sur la protection des donn\u00e9es (nLPD) et ne seront pas utilis\u00e9es \u00e0 d\u2019autres fins.<\/p>\n","protected":false},"excerpt":{"rendered":"<p>Pourquoi faire un don \u00e0 l\u2019oeuvre en faveur de la Fondation HorizonSud ? L\u2019oeuvre en faveur de la Fondation HorizonSud est une association \u00e0 but non lucratif. Elle aide la Fondation HorizonSud en am\u00e9liorant le bien-\u00eatre de ses b\u00e9n\u00e9ficiaires par le financement d\u2019actions sociales, sportives ou culturelles. Votre contribution permettra par exemple de financer : [&hellip;]<\/p>\n","protected":false},"author":1,"featured_media":0,"parent":0,"menu_order":0,"comment_status":"closed","ping_status":"closed","template":"","meta":{"_mi_skip_tracking":false,"footnotes":""},"class_list":["post-1498","page","type-page","status-publish","hentry"],"acf":[],"_links":{"self":[{"href":"https:\/\/horizonsud.ch\/index.php?rest_route=\/wp\/v2\/pages\/1498","targetHints":{"allow":["GET"]}}],"collection":[{"href":"https:\/\/horizonsud.ch\/index.php?rest_route=\/wp\/v2\/pages"}],"about":[{"href":"https:\/\/horizonsud.ch\/index.php?rest_route=\/wp\/v2\/types\/page"}],"author":[{"embeddable":true,"href":"https:\/\/horizonsud.ch\/index.php?rest_route=\/wp\/v2\/users\/1"}],"replies":[{"embeddable":true,"href":"https:\/\/horizonsud.ch\/index.php?rest_route=%2Fwp%2Fv2%2Fcomments&post=1498"}],"version-history":[{"count":9,"href":"https:\/\/horizonsud.ch\/index.php?rest_route=\/wp\/v2\/pages\/1498\/revisions"}],"predecessor-version":[{"id":1508,"href":"https:\/\/horizonsud.ch\/index.php?rest_route=\/wp\/v2\/pages\/1498\/revisions\/1508"}],"wp:attachment":[{"href":"https:\/\/horizonsud.ch\/index.php?rest_route=%2Fwp%2Fv2%2Fmedia&parent=1498"}],"curies":[{"name":"wp","href":"https:\/\/api.w.org\/{rel}","templated":true}]}}