{"id":1233,"date":"2019-08-11T15:29:06","date_gmt":"2019-08-11T15:29:06","guid":{"rendered":"https:\/\/horizonsud.ch\/?page_id=1233"},"modified":"2019-11-08T10:40:58","modified_gmt":"2019-11-08T10:40:58","slug":"generalites","status":"publish","type":"page","link":"https:\/\/horizonsud.ch\/?page_id=1233","title":{"rendered":"G\u00e9n\u00e9ralit\u00e9s"},"content":{"rendered":"<h1>G\u00e9n\u00e9ralit\u00e9s<\/h1>\n<p style=\"color: #c20e1a;\">Cliquez sur le th\u00e8me qui vous int\u00e9resse :<\/p>\n<article class=\"section\"><a class=\"button-toggle\">G\u00e9n\u00e9ralit\u00e9s<\/a><\/p>\n<div class=\"content-toggle-in\">\n<article class=\"section bg-gris promobloc\">Nous sommes une institution sp\u00e9cialis\u00e9e dans<br \/>\nle domaine du handicap psychique.<\/article>\n<article class=\"section bg-gris promobloc\"><strong>Notre finalit\u00e9 est de permettre \u00e0 la personne<br \/>\natteinte dans sa sant\u00e9 psychique<br \/>\nde vivre une vie riche et pleine.<\/strong><\/article>\n<article class=\"section bg-gris promobloc\">Pour ce faire nous l\u2019aidons \u00e0 adopter<br \/>\nun comportement appropri\u00e9 en toute circonstance.<\/article>\n<\/div>\n<\/article>\n<article class=\"section\"><a class=\"button-toggle\">Nous pratiquons la r\u00e9habilitation psychiatrique<\/a><\/p>\n<div class=\"content-toggle-in\" style=\"text-align: center;\">\n<article class=\"section bg-vert\">Dans le domaine socioprofessionnel, principalement par l\u2019entra\u00eenement<br \/>\naux habilet\u00e9s sociales et les th\u00e9rapies cognitives<br \/>\ndes sympt\u00f4mes psychotiques.<\/article>\n<article class=\"section bg-bleu\">Dans le domaine socio-\u00e9ducatif, principalement par l\u2019entra\u00eenement<br \/>\naux habilet\u00e9s sociales et les th\u00e9rapies cognitives<br \/>\ndes sympt\u00f4mes psychotiques.<\/article>\n<article class=\"section bg-jaune\">Dans le domaine logistique, principalement par le soutien logistique<br \/>\ndans l\u2019environnement de vie ou de travail, et l\u2019entra\u00eenement aux habilet\u00e9s<br \/>\nsociales dans le cadre des emplois prot\u00e9g\u00e9s int\u00e9gr\u00e9s dans ce Secteur.<\/article>\n<article class=\"section bg-rouge\">Dans le domaine administratif et financier, principalement par un soutien<br \/>\nadministratif et financier destin\u00e9 autant \u00e0 la personne concern\u00e9e<br \/>\nqu\u2019aux intervenants de son r\u00e9seau social.<\/article>\n<\/div>\n<\/article>\n<article class=\"section\"><a class=\"button-toggle\">Panorama<\/a><\/p>\n<div class=\"content-toggle-in\">\n<p><a href=\"https:\/\/horizonsud.ch\/wp-content\/uploads\/2019\/10\/Panorama_Tableau-bis-1.jpg\" data-rel=\"lightbox-image-0\" data-rl_title=\"\" data-rl_caption=\"\" title=\"\"><img loading=\"lazy\" decoding=\"async\" class=\"alignleft wp-image-1368 size-full\" src=\"https:\/\/horizonsud.ch\/wp-content\/uploads\/2019\/10\/Panorama_Tableau-bis-1.jpg\" alt=\"\" width=\"960\" height=\"524\" srcset=\"https:\/\/horizonsud.ch\/wp-content\/uploads\/2019\/10\/Panorama_Tableau-bis-1.jpg 960w, https:\/\/horizonsud.ch\/wp-content\/uploads\/2019\/10\/Panorama_Tableau-bis-1-300x164.jpg 300w, https:\/\/horizonsud.ch\/wp-content\/uploads\/2019\/10\/Panorama_Tableau-bis-1-768x419.jpg 768w\" sizes=\"auto, (max-width: 960px) 100vw, 960px\" \/><\/a><\/p>\n<\/div>\n<\/article>\n<article class=\"section\"><a class=\"button-toggle\">Compl\u00e9ment au Panorama<\/a><\/p>\n<div class=\"content-toggle-in\">\n\n<table id=\"tablepress-8\" class=\"tablepress tablepress-id-8\">\n<tbody class=\"row-hover\">\n<tr class=\"row-1 odd\">\n\t<td class=\"column-1\"><\/td><td class=\"column-2\"><\/td><td class=\"column-3\">Principaux outils d\u2019intervention<br \/>\n<\/td>\n<\/tr>\n<tr class=\"row-2 even\">\n\t<td class=\"column-1\">L\u2019Approche<br \/>\n\u00e9motivo-rationnelle<\/td><td class=\"column-2\">AFRA<br \/>\n&amp;<br \/>\nAPRA<\/td><td class=\"column-3\">- Mani\u00e8re de vivre individuelle, et dans la collectivit\u00e9<br \/>\n- Comportement issus de nos Valeurs<br \/>\n- Expertise-M\u00e9tier (formations reconnues &amp; exp\u00e9riences d\u00e9montr\u00e9es)<br \/>\n- Descriptif de fonction<\/td>\n<\/tr>\n<tr class=\"row-3 odd\">\n\t<td rowspan=\"2\" class=\"column-1\">La R\u00e9habilitation psychiatrique<\/td><td class=\"column-2\">ELADEB<\/td><td class=\"column-3\">- Les 21 items<\/td>\n<\/tr>\n<tr class=\"row-4 even\">\n\t<td class=\"column-2\">EHS &amp; TCC<\/td><td class=\"column-3\">- Module conversation<br \/>\n- Module comp\u00e9tence<br \/>\n- Module r\u00e9solution de probl\u00e8me<br \/>\n- Module contr\u00f4le des sympt\u00f4mes<br \/>\n- Module \u00e9ducation au TTT   neuroleptique<br \/>\n- EMC, Comp\u00e9tence, EEEP<br \/>\n- Michael\u2019s Game<br \/>\n- Techniques TCC<\/td>\n<\/tr>\n<tr class=\"row-5 odd\">\n\t<td class=\"column-1\">Les R\u00e9sidences<br \/>\n&amp;<br \/>\nAppartements<\/td><td class=\"column-2\">EHS et TCC<br \/>\n&amp;<br \/>\nSoutien \u00e0 l\u2019H\u00e9bergement priv\u00e9<\/td><td class=\"column-3\">- Module conversation<br \/>\n- Module comp\u00e9tence<br \/>\n- Module r\u00e9solution de probl\u00e8me<br \/>\n- Module contr\u00f4le des sympt\u00f4mes<br \/>\n- Module \u00e9ducation au TTT   neuroleptique<br \/>\n- EMC, Comp\u00e9tence, EEEP<br \/>\n- Michael\u2019s Game<br \/>\n- Techniques TCC<\/td>\n<\/tr>\n<tr class=\"row-6 even\">\n\t<td class=\"column-1\">Les Ateliers \u00e0<br \/>\nemplois prot\u00e9g\u00e9s<\/td><td class=\"column-2\">EHS et TCC<br \/>\n&amp;<br \/>\nSoutien<br \/>\n\u00e0 l\u2019Emploi<\/td><td class=\"column-3\">- Module conversation<br \/>\n- Module comp\u00e9tence<br \/>\n- Module r\u00e9solution de probl\u00e8me<br \/>\n- Module contr\u00f4le des sympt\u00f4mes<br \/>\n- Module \u00e9ducation au TTT   neuroleptique<br \/>\n- EMC*, Comp\u00e9tence, EEEP<br \/>\n- Michael\u2019s Game<br \/>\n- Techniques TCC<br \/>\n- Pratiques professionnelles selon atelier(s) \/ activit\u00e9(s)<br \/>\n- Mod\u00e8le Individual and Support (IPS)<\/td>\n<\/tr>\n<\/tbody>\n<\/table>\n<!-- #tablepress-8 from cache -->\n<\/div>\n<\/article>\n","protected":false},"excerpt":{"rendered":"<p>G\u00e9n\u00e9ralit\u00e9s Cliquez sur le th\u00e8me qui vous int\u00e9resse : G\u00e9n\u00e9ralit\u00e9s Nous sommes une institution sp\u00e9cialis\u00e9e dans le domaine du handicap psychique. Notre finalit\u00e9 est de permettre \u00e0 la personne atteinte dans sa sant\u00e9 psychique de vivre une vie riche et pleine. Pour ce faire nous l\u2019aidons \u00e0 adopter un comportement appropri\u00e9 en toute circonstance. Nous [&hellip;]<\/p>\n","protected":false},"author":1,"featured_media":0,"parent":0,"menu_order":0,"comment_status":"closed","ping_status":"closed","template":"","meta":{"_mi_skip_tracking":false,"footnotes":""},"class_list":["post-1233","page","type-page","status-publish","hentry"],"acf":[],"_links":{"self":[{"href":"https:\/\/horizonsud.ch\/index.php?rest_route=\/wp\/v2\/pages\/1233","targetHints":{"allow":["GET"]}}],"collection":[{"href":"https:\/\/horizonsud.ch\/index.php?rest_route=\/wp\/v2\/pages"}],"about":[{"href":"https:\/\/horizonsud.ch\/index.php?rest_route=\/wp\/v2\/types\/page"}],"author":[{"embeddable":true,"href":"https:\/\/horizonsud.ch\/index.php?rest_route=\/wp\/v2\/users\/1"}],"replies":[{"embeddable":true,"href":"https:\/\/horizonsud.ch\/index.php?rest_route=%2Fwp%2Fv2%2Fcomments&post=1233"}],"version-history":[{"count":26,"href":"https:\/\/horizonsud.ch\/index.php?rest_route=\/wp\/v2\/pages\/1233\/revisions"}],"predecessor-version":[{"id":1406,"href":"https:\/\/horizonsud.ch\/index.php?rest_route=\/wp\/v2\/pages\/1233\/revisions\/1406"}],"wp:attachment":[{"href":"https:\/\/horizonsud.ch\/index.php?rest_route=%2Fwp%2Fv2%2Fmedia&parent=1233"}],"curies":[{"name":"wp","href":"https:\/\/api.w.org\/{rel}","templated":true}]}}