{"id":1222,"date":"2019-08-05T20:09:05","date_gmt":"2019-08-05T20:09:05","guid":{"rendered":"https:\/\/horizonsud.ch\/?page_id=1222"},"modified":"2019-11-06T10:55:14","modified_gmt":"2019-11-06T10:55:14","slug":"nos-5-valeurs","status":"publish","type":"page","link":"https:\/\/horizonsud.ch\/?page_id=1222","title":{"rendered":"Nos 5 valeurs"},"content":{"rendered":"<h1>Nos 5 valeurs<\/h1>\n<p style=\"color: #c20e1a;\">Cliquez sur le th\u00e8me qui vous int\u00e9resse :<\/p>\n<article class=\"section bg-violet\"><a class=\"button-toggle\">Valorisation<\/a><\/p>\n<div class=\"content-toggle-in\">\n<p><strong>Respect<\/strong><\/p>\n<p>J\u2019accueille l\u2019Autre et je m\u2019int\u00e9resse \u00e0 sa diff\u00e9rence<\/p>\n<p><strong>Reconnaissance<\/strong><\/p>\n<p>J\u2019encourage le potentiel de l\u2019Autre en le nommant<\/p>\n<p><strong>Partage<\/strong><\/p>\n<p>Je contribue au collectif<\/p>\n<\/div>\n<\/article>\n<article class=\"section bg-rose\"><a class=\"button-toggle\">Engagement<\/a><\/p>\n<div class=\"content-toggle-in\">\n<p><strong>Affirmation<\/strong><\/p>\n<p>Je me positionne et je m\u2019implique<\/p>\n<p><strong>Courage<\/strong><\/p>\n<p>J\u2019ose prendre un risque<\/p>\n<p><strong>Collaboration<\/strong><\/p>\n<p>Je construis avec l\u2019Autre pour tendre vers un but commun<\/p>\n<\/div>\n<\/article>\n<article class=\"section bg-marron\"><a class=\"button-toggle\">Cr\u00e9ativit\u00e9<\/a><\/p>\n<div class=\"content-toggle-in \">\n<p><strong>Ouverture<\/strong><\/p>\n<p>J\u2019explore et propose de nouvelles pistes<\/p>\n<p><strong>R\u00e9flexivit\u00e9<\/strong><\/p>\n<p>Je me questionne sur ma pratique et celles de la Fondation<\/p>\n<p><strong>Culture<\/strong><\/p>\n<p>Je me forme et je transmets<\/p>\n<\/div>\n<\/article>\n<article class=\"section bg-bordeau\"><a class=\"button-toggle\">Bien-\u00eatre<\/a><\/p>\n<div class=\"content-toggle-in\">\n<p><strong>S\u00e9curit\u00e9<\/strong><\/p>\n<p>Je cr\u00e9e un environnement s\u00e9curisant et j\u2019adopte une attitude rassurante<\/p>\n<p><strong>Confiance<\/strong><\/p>\n<p>Je me fie \u00e0 l\u2019Autre dans la mesure o\u00f9 je crois qu\u2019il fait du mieux qu\u2019il peut<\/p>\n<p><strong>Solidarit\u00e9<\/strong><\/p>\n<p>J\u2019apporte mon aide si besoin<\/p>\n<\/div>\n<\/article>\n<article class=\"section bg-vert\"><a class=\"button-toggle\">Pr\u00e9sence<\/a><\/p>\n<div class=\"content-toggle-in\">\n<p><strong>Humilit\u00e9<\/strong><\/p>\n<p>Je me dis tel que je suis ni plus, ni moins<\/p>\n<p><strong>Humanitude<\/strong><\/p>\n<p>J\u2019observe, je suis attentif et je me responsabilise face aux besoins de l\u2019Autre<\/p>\n<p><strong>Appartenance<\/strong><\/p>\n<p>Je me fais conna\u00eetre et je cultive des liens<\/p>\n<\/div>\n<\/article>\n<p>&nbsp;<\/p>\n","protected":false},"excerpt":{"rendered":"<p>Nos 5 valeurs Cliquez sur le th\u00e8me qui vous int\u00e9resse : Valorisation Respect J\u2019accueille l\u2019Autre et je m\u2019int\u00e9resse \u00e0 sa diff\u00e9rence Reconnaissance J\u2019encourage le potentiel de l\u2019Autre en le nommant Partage Je contribue au collectif Engagement Affirmation Je me positionne et je m\u2019implique Courage J\u2019ose prendre un risque Collaboration Je construis avec l\u2019Autre pour tendre [&hellip;]<\/p>\n","protected":false},"author":1,"featured_media":0,"parent":0,"menu_order":0,"comment_status":"closed","ping_status":"closed","template":"","meta":{"_mi_skip_tracking":false,"footnotes":""},"class_list":["post-1222","page","type-page","status-publish","hentry"],"acf":[],"_links":{"self":[{"href":"https:\/\/horizonsud.ch\/index.php?rest_route=\/wp\/v2\/pages\/1222","targetHints":{"allow":["GET"]}}],"collection":[{"href":"https:\/\/horizonsud.ch\/index.php?rest_route=\/wp\/v2\/pages"}],"about":[{"href":"https:\/\/horizonsud.ch\/index.php?rest_route=\/wp\/v2\/types\/page"}],"author":[{"embeddable":true,"href":"https:\/\/horizonsud.ch\/index.php?rest_route=\/wp\/v2\/users\/1"}],"replies":[{"embeddable":true,"href":"https:\/\/horizonsud.ch\/index.php?rest_route=%2Fwp%2Fv2%2Fcomments&post=1222"}],"version-history":[{"count":8,"href":"https:\/\/horizonsud.ch\/index.php?rest_route=\/wp\/v2\/pages\/1222\/revisions"}],"predecessor-version":[{"id":1392,"href":"https:\/\/horizonsud.ch\/index.php?rest_route=\/wp\/v2\/pages\/1222\/revisions\/1392"}],"wp:attachment":[{"href":"https:\/\/horizonsud.ch\/index.php?rest_route=%2Fwp%2Fv2%2Fmedia&parent=1222"}],"curies":[{"name":"wp","href":"https:\/\/api.w.org\/{rel}","templated":true}]}}