{"id":1117,"date":"2019-06-16T14:02:33","date_gmt":"2019-06-16T14:02:33","guid":{"rendered":"https:\/\/horizonsud.ch\/?page_id=1117"},"modified":"2019-11-06T10:54:32","modified_gmt":"2019-11-06T10:54:32","slug":"concept-general-du-secteur-administration-et-finances","status":"publish","type":"page","link":"https:\/\/horizonsud.ch\/?page_id=1117","title":{"rendered":"Concept g\u00e9n\u00e9ral du Secteur Administration et Finances"},"content":{"rendered":"<h1>Concept g\u00e9n\u00e9ral du Secteur Administration et Finances<\/h1>\n<p style=\"color: #c20e1a;\">Cliquez sur le th\u00e8me qui vous int\u00e9resse :<\/p>\n<article class=\"section\"><a class=\"button-toggle\">Qui nous sommes<\/a><\/p>\n<div class=\"content-toggle-in\">\n<p>Le Secteur administration et finances fait partie de la Fondation HorizonSud, institution de droit priv\u00e9 dont le si\u00e8ge social se trouve \u00e0 Marsens, et reconnue en qualit\u00e9 d\u2019institution sp\u00e9cialis\u00e9e par le D\u00e9partement de la Sant\u00e9 et des Affaires Sociales du canton de Fribourg. Il est certifi\u00e9 selon les normes ISO 9001 : 2015 et les Crit\u00e8res de qualit\u00e9 requis pour les institutions sociales latines.<\/p>\n<p>Il oeuvre en qualit\u00e9 de prestataire de services au profit des autres sites et\/ou Secteurs.<\/p>\n<\/div>\n<\/article>\n<article class=\"section\"><a class=\"button-toggle\">Ce que nous offrons<\/a><\/p>\n<div class=\"content-toggle-in\">\n<p>Ce Secteur accomplit toutes les activit\u00e9s d\u00e9coulant :<\/p>\n<ul>\n<li>De l\u2019administration des R\u00e9sident-e-s et des Employ\u00e9-e-s \u00e0 emploi prot\u00e9g\u00e9 ;<br \/>\n(contrats d\u2019accompagnement \/ de travail et ensemble des documents y relatifs)<\/li>\n<li>De l\u2019administration du Personnel ;<br \/>\n(contrats de travail et ensemble des documents y relatifs)<\/li>\n<li>Du secr\u00e9tariat g\u00e9n\u00e9ral ;<br \/>\n(accueil &#8211; r\u00e9ception \/ standard t\u00e9l\u00e9phonique \/ ensemble des travaux de secr\u00e9tariat)<\/li>\n<li>Des finances.<br \/>\n(comptabilit\u00e9 &#8211; finances \/ salaires)<\/li>\n<\/ul>\n<p>avec toute l\u2019expertise-m\u00e9tier qui caract\u00e9rise les \u00e9quipes charg\u00e9es de l\u2019ex\u00e9cution qualitative et quantitative des prestations y relatives.<\/p>\n<\/div>\n<\/article>\n<article class=\"section\"><a class=\"button-toggle\">Comment nous intervenons<\/a><\/p>\n<div class=\"content-toggle-in\">L\u2019action de ce Secteur s\u2019inscrit sur deux axes :<\/p>\n<p>Tout d\u2019abord et principalement, celui qui r\u00e9git tous les aspects li\u00e9s \u00e0 une pratique professionnelle des m\u00e9tiers pr\u00e9sents au sein de chacune des \u00e9quipes en charge de la r\u00e9alisation des activit\u00e9s qui leur sont confi\u00e9es.<br \/>\nEn particulier le respect des bonnes pratiques, des normes en vigueur ainsi que des us et coutumes admises dans la profession.<\/p>\n<p>Ensuite un axe davantage social et qui s\u2019inscrit dans l\u2019esprit de la r\u00e9habilitation psychiatrique. Cela demande qu\u2019au-del\u00e0 de l\u2019exactitude demand\u00e9e par les chiffres, il y a lieu d\u2019int\u00e9grer une certaine souplesse et compr\u00e9hension adapt\u00e9e aux probl\u00e9matiques rencontr\u00e9es par nos B\u00e9n\u00e9ficiaires.<\/p>\n<p>La finalit\u00e9 \u00e9tant de leur permettre de vivre une vie riche et pleine.<\/p>\n<p>D\u2019o\u00f9 une approche globale de type \u00ab socio-administrative \u00bb.<\/p>\n<\/div>\n<\/article>\n","protected":false},"excerpt":{"rendered":"<p>Concept g\u00e9n\u00e9ral du Secteur Administration et Finances Cliquez sur le th\u00e8me qui vous int\u00e9resse : Qui nous sommes Le Secteur administration et finances fait partie de la Fondation HorizonSud, institution de droit priv\u00e9 dont le si\u00e8ge social se trouve \u00e0 Marsens, et reconnue en qualit\u00e9 d\u2019institution sp\u00e9cialis\u00e9e par le D\u00e9partement de la Sant\u00e9 et des [&hellip;]<\/p>\n","protected":false},"author":1,"featured_media":0,"parent":0,"menu_order":0,"comment_status":"closed","ping_status":"closed","template":"","meta":{"_mi_skip_tracking":false,"footnotes":""},"class_list":["post-1117","page","type-page","status-publish","hentry"],"acf":[],"_links":{"self":[{"href":"https:\/\/horizonsud.ch\/index.php?rest_route=\/wp\/v2\/pages\/1117","targetHints":{"allow":["GET"]}}],"collection":[{"href":"https:\/\/horizonsud.ch\/index.php?rest_route=\/wp\/v2\/pages"}],"about":[{"href":"https:\/\/horizonsud.ch\/index.php?rest_route=\/wp\/v2\/types\/page"}],"author":[{"embeddable":true,"href":"https:\/\/horizonsud.ch\/index.php?rest_route=\/wp\/v2\/users\/1"}],"replies":[{"embeddable":true,"href":"https:\/\/horizonsud.ch\/index.php?rest_route=%2Fwp%2Fv2%2Fcomments&post=1117"}],"version-history":[{"count":12,"href":"https:\/\/horizonsud.ch\/index.php?rest_route=\/wp\/v2\/pages\/1117\/revisions"}],"predecessor-version":[{"id":1390,"href":"https:\/\/horizonsud.ch\/index.php?rest_route=\/wp\/v2\/pages\/1117\/revisions\/1390"}],"wp:attachment":[{"href":"https:\/\/horizonsud.ch\/index.php?rest_route=%2Fwp%2Fv2%2Fmedia&parent=1117"}],"curies":[{"name":"wp","href":"https:\/\/api.w.org\/{rel}","templated":true}]}}